{"id":143105,"date":"2021-01-04T16:03:00","date_gmt":"2021-01-04T16:03:00","guid":{"rendered":"https:\/\/neu.fluid-spirit.ch\/publications\/"},"modified":"2021-01-22T14:55:38","modified_gmt":"2021-01-22T14:55:38","slug":"publications","status":"publish","type":"page","link":"https:\/\/www.fluid-spirit.ch\/en\/publications\/","title":{"rendered":"Publications"},"content":{"rendered":"\n<p><strong>Vegan Cook-Books<\/strong><\/p>\n\n\n\n<figure class=\"wp-block-table is-style-regular\"><table><thead><tr><th><strong><strong>Title<\/strong><\/strong><\/th><th><strong><strong>Author<\/strong><\/strong><\/th><th><strong><strong>Language<\/strong><\/strong><\/th><\/tr><\/thead><tbody><tr><td>Aus Liebe zu allen Wesen dieser Welt &#8211; Vegane Men\u00fcs von Fluid Spirit<\/td><td>Danielle H. Jolissaint<\/td><td>DE \/ FR<\/td><\/tr><tr><td>Einfach vegan \u2013 Die s\u00fcsse K\u00fcche<\/td><td>Roland Rauter<\/td><td>DE<\/td><\/tr><tr><td>Einfach vegan \u2013 Genussvoll durch den Tag<\/td><td>Roland Rauter<\/td><td>DE<\/td><\/tr><tr><td>K\u00e4se veganese<\/td><td>Heike K\u00fcgler-Anger<\/td><td>DE<\/td><\/tr><tr><td>Vegan kochen f\u00fcr alle<\/td><td>Bj\u00f6rn Moschinski<\/td><td>DE<\/td><\/tr><tr><td>Vegan backen<\/td><td>Angelika Eckstein<\/td><td>DE<\/td><\/tr><tr><td>Vegan grillen<\/td><td>Heike K\u00fcgler-Anger<\/td><td>DE<\/td><\/tr><tr><td>Vegan und Roh<\/td><td>Christl Kurz<\/td><td>DE<\/td><\/tr><tr><td>Vegan &amp; vollwertig<\/td><td>Barbara R\u00fctting<\/td><td>DE<\/td><\/tr><tr><td>Vegane Brotaufstriche<\/td><td>Heike K\u00fcgler-Anger<\/td><td>DE<\/td><\/tr><tr><td>Vegane Rohk\u00f6stlichkeiten aus dem Mixer<\/td><td>Heike K\u00fcgler-Anger<\/td><td>DE<\/td><\/tr><tr><td>Vegane Weihnachtsb\u00e4ckerei<\/td><td>Angelika Eckstein<\/td><td>DE<\/td><\/tr><tr><td>Veganes f\u00fcrs Fest<\/td><td>Heike K\u00fcgler-Anger<\/td><td>DE<\/td><\/tr><\/tbody><\/table><\/figure>\n\n\n\n<p><strong>Films about nutrition and ecology<\/strong><\/p>\n\n\n\n<figure class=\"wp-block-table is-style-regular\"><table><thead><tr><th><strong><strong>Title<\/strong><\/strong><\/th><th><\/th><th><strong>Language<\/strong><\/th><\/tr><\/thead><tbody><tr><td>FOODMATTERS (Du bist was Du isst)<\/td><td>With Dr. Dan Rogers \/ Phillip Day<\/td><td><strong>DE \/ EN<\/strong><\/td><\/tr><tr><td>Food Inc.<\/td><td>With Michael Pollen \/ Gary Hirshberg<\/td><td>DE \/ EN<\/td><\/tr><tr><td>Good Food \/ Bad Food<\/td><td>Coline Serreau<\/td><td>DE \/ EN \/ FR<\/td><\/tr><tr><td>Forks over knives (Gabel statt Skalpell)\r\n\u201eFilm to China Study\u201c from T. Colin Campbell)<\/td><td>Lee Fulkerson<\/td><td>DE<\/td><\/tr><tr><td>Home<\/td><td>Yann Arthus-Bertrand<\/td><td>DE \/ EN \/ FR<\/td><\/tr><tr><td>The world according to Monsanto (Monsanto &#8211; mit Gift und Genen)<\/td><td>Marie-Monique Robin<\/td><td>DE \/ FR<\/td><\/tr><tr><td>Notre poison quotidien \/ our daily poison<\/td><td>Marie-Monique Robin<\/td><td>DE \/ FR<\/td><\/tr><tr><td>We feed the world<\/td><td>With Jean Ziegler \/ Peter Brabeck<\/td><td>DE \/ EN \/ FR<\/td><\/tr><\/tbody><\/table><\/figure>\n\n\n\n<p><strong>Books about vegan Nutrition<\/strong><\/p>\n\n\n\n<figure class=\"wp-block-table is-style-regular\"><table><thead><tr><th><strong><strong>Title<\/strong><\/strong><\/th><th><strong><strong>Author<\/strong><\/strong><\/th><th><strong><strong>Language<\/strong><\/strong><\/th><th><\/th><\/tr><\/thead><tbody><tr><td>China Study \u2013 The Most Comprehensive Study of Nutrition Ever Conducted<\/td><td>T. Colin Campbell<br>Thomas M. Campbell<\/td><td>DE \/ EN<\/td><td>Vegan Nutrition<\/td><\/tr><tr><td>Das vegetarische Baby \u2013 Schwangerschaft \/ Stillzeit \/ Lebensjahr<\/td><td>Irmela Eckenbrecht<\/td><td>DE<\/td><td>Vegetarian and Vegan<\/td><\/tr><tr><td>E-Nummern und Zusatzstoffe<\/td><td>GU Kompass<br>I.&nbsp;Elmadfa \/ E.&nbsp;Muskat \/ D.&nbsp;Fritzsche<\/td><td>DE<\/td><td>References for E-numbers<\/td><\/tr><tr><td>Vegetarisch leben<\/td><td>Armin Risi \/ Ronald Z\u00fcrrer<\/td><td>DE<\/td><td>Vegan<\/td><\/tr><tr><td>Vegetarische Ern\u00e4hrung<\/td><td>Claus Leitzmann \/ Markus Keller<\/td><td>DE<\/td><td>DE<\/td><\/tr><\/tbody><\/table><\/figure>\n\n\n\n<p><strong>Vegane Cooking Courses<\/strong><\/p>\n\n\n\n<figure class=\"wp-block-table is-style-regular\"><table><thead><tr><th><strong>Courses<\/strong><\/th><th><strong>Dates<\/strong><\/th><\/tr><\/thead><tbody><tr><td>Vegan for the slim line<\/td><td>Friday, 29.01.2021<br>18.00 \u2013 ca. 22.00 o&#8217;clock<\/td><\/tr><tr><td>Vegan easter<\/td><td>Friday, 19.03.2021<br>18.00 \u2013 ca. 22.00 o&#8217;clock<\/td><\/tr><tr><td>Vegan for beginners (in german)<\/td><td>date to follow<br>18.00 \u2013 ca. 22.00 o&#8217;clock<\/td><\/tr><tr><td>Vegan Nutrition for babies and children<\/td><td>Friday, 17.09.2021<br>18.00 \u2013 ca. 22.00 o&#8217;clock<\/td><\/tr><tr><td>Vegan Christmas baking <\/td><td>Friday, 12.11.2021<br>18.00 \u2013 ca. 22.00 o&#8217;clock<\/td><\/tr><tr><td>Vegan Christmas dish<\/td><td>Friday, 26.11.2021<br>18.00 \u2013 ca. 22.00 o&#8217;clock<\/td><\/tr><tr><td>Vegan advanced course<\/td><td>On request<\/td><\/tr><\/tbody><\/table><\/figure>\n","protected":false},"excerpt":{"rendered":"<p>Vegan Cook-Books Title Author Language Aus Liebe zu allen Wesen dieser Welt &#8211; Vegane Men\u00fcs von Fluid Spirit Danielle H. Jolissaint DE \/ FR Einfach vegan \u2013 Die s\u00fcsse K\u00fcche Roland Rauter DE Einfach vegan \u2013 Genussvoll durch den Tag Roland Rauter DE K\u00e4se veganese Heike K\u00fcgler-Anger DE Vegan kochen f\u00fcr alle Bj\u00f6rn Moschinski DE [&hellip;]<\/p>\n","protected":false},"author":4,"featured_media":0,"parent":0,"menu_order":2,"comment_status":"closed","ping_status":"closed","template":"","meta":{"_coblocks_attr":"","_coblocks_dimensions":"","_coblocks_responsive_height":"","_coblocks_accordion_ie_support":"","_uag_custom_page_level_css":"","site-sidebar-layout":"no-sidebar","site-content-layout":"default","ast-site-content-layout":"default","site-content-style":"default","site-sidebar-style":"default","ast-global-header-display":"","ast-banner-title-visibility":"","ast-main-header-display":"","ast-hfb-above-header-display":"","ast-hfb-below-header-display":"","ast-hfb-mobile-header-display":"","site-post-title":"disabled","ast-breadcrumbs-content":"","ast-featured-img":"disabled","footer-sml-layout":"","theme-transparent-header-meta":"default","adv-header-id-meta":"","stick-header-meta":"default","header-above-stick-meta":"","header-main-stick-meta":"","header-below-stick-meta":"","astra-migrate-meta-layouts":"default","ast-page-background-enabled":"default","ast-page-background-meta":{"desktop":{"background-color":"","background-image":"","background-repeat":"repeat","background-position":"center center","background-size":"auto","background-attachment":"scroll","background-type":"","background-media":"","overlay-type":"","overlay-color":"","overlay-opacity":"","overlay-gradient":""},"tablet":{"background-color":"","background-image":"","background-repeat":"repeat","background-position":"center center","background-size":"auto","background-attachment":"scroll","background-type":"","background-media":"","overlay-type":"","overlay-color":"","overlay-opacity":"","overlay-gradient":""},"mobile":{"background-color":"","background-image":"","background-repeat":"repeat","background-position":"center center","background-size":"auto","background-attachment":"scroll","background-type":"","background-media":"","overlay-type":"","overlay-color":"","overlay-opacity":"","overlay-gradient":""}},"ast-content-background-meta":{"desktop":{"background-color":"var(--ast-global-color-5)","background-image":"","background-repeat":"repeat","background-position":"center center","background-size":"auto","background-attachment":"scroll","background-type":"","background-media":"","overlay-type":"","overlay-color":"","overlay-opacity":"","overlay-gradient":""},"tablet":{"background-color":"var(--ast-global-color-5)","background-image":"","background-repeat":"repeat","background-position":"center center","background-size":"auto","background-attachment":"scroll","background-type":"","background-media":"","overlay-type":"","overlay-color":"","overlay-opacity":"","overlay-gradient":""},"mobile":{"background-color":"var(--ast-global-color-5)","background-image":"","background-repeat":"repeat","background-position":"center center","background-size":"auto","background-attachment":"scroll","background-type":"","background-media":"","overlay-type":"","overlay-color":"","overlay-opacity":"","overlay-gradient":""}},"footnotes":""},"class_list":["post-143105","page","type-page","status-publish","hentry"],"yoast_head":"<!-- This site is optimized with the Yoast SEO plugin v26.4 - https:\/\/yoast.com\/wordpress\/plugins\/seo\/ -->\r\n<title>Publications | Fluid Spirit | In der Wirklichkeit zu Hause<\/title>\r\n<meta name=\"robots\" content=\"index, follow, max-snippet:-1, max-image-preview:large, max-video-preview:-1\" \/>\r\n<link rel=\"canonical\" href=\"https:\/\/www.fluid-spirit.ch\/en\/publications\/\" \/>\r\n<meta property=\"og:locale\" content=\"en_US\" \/>\r\n<meta property=\"og:type\" content=\"article\" \/>\r\n<meta property=\"og:title\" content=\"Publications | Fluid Spirit | In der Wirklichkeit zu Hause\" \/>\r\n<meta property=\"og:description\" content=\"Vegan Cook-Books Title Author Language Aus Liebe zu allen Wesen dieser Welt &#8211; Vegane Men\u00fcs von Fluid Spirit Danielle H. Jolissaint DE \/ FR Einfach vegan \u2013 Die s\u00fcsse K\u00fcche Roland Rauter DE Einfach vegan \u2013 Genussvoll durch den Tag Roland Rauter DE K\u00e4se veganese Heike K\u00fcgler-Anger DE Vegan kochen f\u00fcr alle Bj\u00f6rn Moschinski DE [&hellip;]\" \/>\r\n<meta property=\"og:url\" content=\"https:\/\/www.fluid-spirit.ch\/en\/publications\/\" \/>\r\n<meta property=\"og:site_name\" content=\"Fluid Spirit | In der Wirklichkeit zu Hause\" \/>\r\n<meta property=\"article:modified_time\" content=\"2021-01-22T14:55:38+00:00\" \/>\r\n<meta name=\"twitter:card\" content=\"summary_large_image\" \/>\r\n<meta name=\"twitter:label1\" content=\"Est. reading time\" \/>\n\t<meta name=\"twitter:data1\" content=\"1 minute\" \/>\r\n<script type=\"application\/ld+json\" class=\"yoast-schema-graph\">{\"@context\":\"https:\/\/schema.org\",\"@graph\":[{\"@type\":\"WebPage\",\"@id\":\"https:\/\/www.fluid-spirit.ch\/en\/publications\/\",\"url\":\"https:\/\/www.fluid-spirit.ch\/en\/publications\/\",\"name\":\"Publications | Fluid Spirit | In der Wirklichkeit zu Hause\",\"isPartOf\":{\"@id\":\"https:\/\/www.fluid-spirit.ch\/#website\"},\"datePublished\":\"2021-01-04T16:03:00+00:00\",\"dateModified\":\"2021-01-22T14:55:38+00:00\",\"breadcrumb\":{\"@id\":\"https:\/\/www.fluid-spirit.ch\/en\/publications\/#breadcrumb\"},\"inLanguage\":\"en-US\",\"potentialAction\":[{\"@type\":\"ReadAction\",\"target\":[\"https:\/\/www.fluid-spirit.ch\/en\/publications\/\"]}]},{\"@type\":\"BreadcrumbList\",\"@id\":\"https:\/\/www.fluid-spirit.ch\/en\/publications\/#breadcrumb\",\"itemListElement\":[{\"@type\":\"ListItem\",\"position\":1,\"name\":\"Startseite\",\"item\":\"https:\/\/www.fluid-spirit.ch\/en\/\"},{\"@type\":\"ListItem\",\"position\":2,\"name\":\"Publications\"}]},{\"@type\":\"WebSite\",\"@id\":\"https:\/\/www.fluid-spirit.ch\/#website\",\"url\":\"https:\/\/www.fluid-spirit.ch\/\",\"name\":\"Fluid Spirit | In der Wirklichkeit zu Hause\",\"description\":\"Ganzheitliche und spirituelle Entwicklung\",\"publisher\":{\"@id\":\"https:\/\/www.fluid-spirit.ch\/#organization\"},\"potentialAction\":[{\"@type\":\"SearchAction\",\"target\":{\"@type\":\"EntryPoint\",\"urlTemplate\":\"https:\/\/www.fluid-spirit.ch\/?s={search_term_string}\"},\"query-input\":{\"@type\":\"PropertyValueSpecification\",\"valueRequired\":true,\"valueName\":\"search_term_string\"}}],\"inLanguage\":\"en-US\"},{\"@type\":\"Organization\",\"@id\":\"https:\/\/www.fluid-spirit.ch\/#organization\",\"name\":\"Fluid Spirit | In der Wirklichkeit zu Hause\",\"url\":\"https:\/\/www.fluid-spirit.ch\/\",\"logo\":{\"@type\":\"ImageObject\",\"inLanguage\":\"en-US\",\"@id\":\"https:\/\/www.fluid-spirit.ch\/#\/schema\/logo\/image\/\",\"url\":\"https:\/\/www.fluid-spirit.ch\/wp-content\/uploads\/2020\/09\/kunstkarte_herz_schlafzimmer_neu.jpg\",\"contentUrl\":\"https:\/\/www.fluid-spirit.ch\/wp-content\/uploads\/2020\/09\/kunstkarte_herz_schlafzimmer_neu.jpg\",\"width\":1920,\"height\":1522,\"caption\":\"Fluid Spirit | In der Wirklichkeit zu Hause\"},\"image\":{\"@id\":\"https:\/\/www.fluid-spirit.ch\/#\/schema\/logo\/image\/\"},\"sameAs\":[\"https:\/\/www.youtube.com\/channel\/UCLp9T8eTxYZytG7s5RhKwnQ\"]}]}<\/script>\r\n<!-- \/ Yoast SEO plugin. -->","yoast_head_json":{"title":"Publications | Fluid Spirit | In der Wirklichkeit zu Hause","robots":{"index":"index","follow":"follow","max-snippet":"max-snippet:-1","max-image-preview":"max-image-preview:large","max-video-preview":"max-video-preview:-1"},"canonical":"https:\/\/www.fluid-spirit.ch\/en\/publications\/","og_locale":"en_US","og_type":"article","og_title":"Publications | Fluid Spirit | In der Wirklichkeit zu Hause","og_description":"Vegan Cook-Books Title Author Language Aus Liebe zu allen Wesen dieser Welt &#8211; Vegane Men\u00fcs von Fluid Spirit Danielle H. Jolissaint DE \/ FR Einfach vegan \u2013 Die s\u00fcsse K\u00fcche Roland Rauter DE Einfach vegan \u2013 Genussvoll durch den Tag Roland Rauter DE K\u00e4se veganese Heike K\u00fcgler-Anger DE Vegan kochen f\u00fcr alle Bj\u00f6rn Moschinski DE [&hellip;]","og_url":"https:\/\/www.fluid-spirit.ch\/en\/publications\/","og_site_name":"Fluid Spirit | In der Wirklichkeit zu Hause","article_modified_time":"2021-01-22T14:55:38+00:00","twitter_card":"summary_large_image","twitter_misc":{"Est. reading time":"1 minute"},"schema":{"@context":"https:\/\/schema.org","@graph":[{"@type":"WebPage","@id":"https:\/\/www.fluid-spirit.ch\/en\/publications\/","url":"https:\/\/www.fluid-spirit.ch\/en\/publications\/","name":"Publications | Fluid Spirit | In der Wirklichkeit zu Hause","isPartOf":{"@id":"https:\/\/www.fluid-spirit.ch\/#website"},"datePublished":"2021-01-04T16:03:00+00:00","dateModified":"2021-01-22T14:55:38+00:00","breadcrumb":{"@id":"https:\/\/www.fluid-spirit.ch\/en\/publications\/#breadcrumb"},"inLanguage":"en-US","potentialAction":[{"@type":"ReadAction","target":["https:\/\/www.fluid-spirit.ch\/en\/publications\/"]}]},{"@type":"BreadcrumbList","@id":"https:\/\/www.fluid-spirit.ch\/en\/publications\/#breadcrumb","itemListElement":[{"@type":"ListItem","position":1,"name":"Startseite","item":"https:\/\/www.fluid-spirit.ch\/en\/"},{"@type":"ListItem","position":2,"name":"Publications"}]},{"@type":"WebSite","@id":"https:\/\/www.fluid-spirit.ch\/#website","url":"https:\/\/www.fluid-spirit.ch\/","name":"Fluid Spirit | In der Wirklichkeit zu Hause","description":"Ganzheitliche und spirituelle Entwicklung","publisher":{"@id":"https:\/\/www.fluid-spirit.ch\/#organization"},"potentialAction":[{"@type":"SearchAction","target":{"@type":"EntryPoint","urlTemplate":"https:\/\/www.fluid-spirit.ch\/?s={search_term_string}"},"query-input":{"@type":"PropertyValueSpecification","valueRequired":true,"valueName":"search_term_string"}}],"inLanguage":"en-US"},{"@type":"Organization","@id":"https:\/\/www.fluid-spirit.ch\/#organization","name":"Fluid Spirit | In der Wirklichkeit zu Hause","url":"https:\/\/www.fluid-spirit.ch\/","logo":{"@type":"ImageObject","inLanguage":"en-US","@id":"https:\/\/www.fluid-spirit.ch\/#\/schema\/logo\/image\/","url":"https:\/\/www.fluid-spirit.ch\/wp-content\/uploads\/2020\/09\/kunstkarte_herz_schlafzimmer_neu.jpg","contentUrl":"https:\/\/www.fluid-spirit.ch\/wp-content\/uploads\/2020\/09\/kunstkarte_herz_schlafzimmer_neu.jpg","width":1920,"height":1522,"caption":"Fluid Spirit | In der Wirklichkeit zu Hause"},"image":{"@id":"https:\/\/www.fluid-spirit.ch\/#\/schema\/logo\/image\/"},"sameAs":["https:\/\/www.youtube.com\/channel\/UCLp9T8eTxYZytG7s5RhKwnQ"]}]}},"uagb_featured_image_src":{"full":false,"thumbnail":false,"medium":false,"medium_large":false,"large":false,"1536x1536":false,"2048x2048":false},"uagb_author_info":{"display_name":"Danielle H. Jolissaint","author_link":"https:\/\/www.fluid-spirit.ch\/en\/author\/daniellejolissaint\/"},"uagb_comment_info":0,"uagb_excerpt":"Vegan Cook-Books Title Author Language Aus Liebe zu allen Wesen dieser Welt &#8211; Vegane Men\u00fcs von Fluid Spirit Danielle H. Jolissaint DE \/ FR Einfach vegan \u2013 Die s\u00fcsse K\u00fcche Roland Rauter DE Einfach vegan \u2013 Genussvoll durch den Tag Roland Rauter DE K\u00e4se veganese Heike K\u00fcgler-Anger DE Vegan kochen f\u00fcr alle Bj\u00f6rn Moschinski DE&hellip;","_links":{"self":[{"href":"https:\/\/www.fluid-spirit.ch\/en\/wp-json\/wp\/v2\/pages\/143105","targetHints":{"allow":["GET"]}}],"collection":[{"href":"https:\/\/www.fluid-spirit.ch\/en\/wp-json\/wp\/v2\/pages"}],"about":[{"href":"https:\/\/www.fluid-spirit.ch\/en\/wp-json\/wp\/v2\/types\/page"}],"author":[{"embeddable":true,"href":"https:\/\/www.fluid-spirit.ch\/en\/wp-json\/wp\/v2\/users\/4"}],"replies":[{"embeddable":true,"href":"https:\/\/www.fluid-spirit.ch\/en\/wp-json\/wp\/v2\/comments?post=143105"}],"version-history":[{"count":8,"href":"https:\/\/www.fluid-spirit.ch\/en\/wp-json\/wp\/v2\/pages\/143105\/revisions"}],"predecessor-version":[{"id":143210,"href":"https:\/\/www.fluid-spirit.ch\/en\/wp-json\/wp\/v2\/pages\/143105\/revisions\/143210"}],"wp:attachment":[{"href":"https:\/\/www.fluid-spirit.ch\/en\/wp-json\/wp\/v2\/media?parent=143105"}],"curies":[{"name":"wp","href":"https:\/\/api.w.org\/{rel}","templated":true}]}}