{"id":143137,"date":"2021-01-04T17:00:11","date_gmt":"2021-01-04T17:00:11","guid":{"rendered":"https:\/\/neu.fluid-spirit.ch\/a-propos-de-nous\/"},"modified":"2021-04-16T22:01:46","modified_gmt":"2021-04-16T21:01:46","slug":"a-propos-de-nous","status":"publish","type":"page","link":"https:\/\/www.fluid-spirit.ch\/fr\/a-propos-de-nous\/","title":{"rendered":"A propos de nous"},"content":{"rendered":"\n<div class=\"wp-block-uagb-advanced-heading uagb-block-c06ae3d7\"><h2 class=\"uagb-heading-text\">A propos de nous<\/h2><p class=\"uagb-desc-text\"><\/p><\/div>\n\n\n\n<div class=\"wp-block-columns is-layout-flex wp-container-core-columns-is-layout-28f84493 wp-block-columns-is-layout-flex\">\n<div class=\"wp-block-column is-layout-flow wp-block-column-is-layout-flow\">\n<p>Le but et l\u2019objectif de Fluid Spirit est de cr\u00e9er une patrie pour tous les \u00eatres, c\u2019est-\u00e0-dire pour les \u00eatres humains, les animaux et les plantes.<\/p>\n\n\n\n<p>Fluid Spirit a pour objet de rassembler les multiples forces concurrentes et oppos\u00e9es qui existent parmi les \u00eatres humains et de les unir dans un consensus de coop\u00e9ration. En particulier c\u2019est de cr\u00e9er un espace qui contribue \u00e0 la r\u00e9conciliation des sexes.<\/p>\n<\/div>\n\n\n\n<div class=\"wp-block-column is-layout-flow wp-block-column-is-layout-flow\">\n<p>Chaque \u00eatre doit \u00eatre inclus et prendre part \u00e0 la richesse de la terre et \u00e0 ce que nous pouvons cr\u00e9er ensemble. La contribution de chacun et de chacune est essentielle \u00e0 notre \u00e9panouissement commun.<\/p>\n\n\n\n<p>Chaque \u00eatre doit \u00eatre inclus et prendre part \u00e0 la richesse de la terre et \u00e0 ce que nous pouvons cr\u00e9er ensemble. La contribution de chacun et de chacune est essentielle \u00e0 notre \u00e9panouissement commun.<\/p>\n<\/div>\n<\/div>\n\n\n\n<div style=\"height:27px\" aria-hidden=\"true\" class=\"wp-block-spacer\"><\/div>\n\n\n<style>.wp-block-kadence-spacer.kt-block-spacer-_aad115-60 .kt-block-spacer{height:60px;}.wp-block-kadence-spacer.kt-block-spacer-_aad115-60 .kt-divider{border-top-width:1px;height:1px;border-top-color:#eee;width:80%;border-top-style:solid;}<\/style>\n<div class=\"wp-block-kadence-spacer alignfull kt-block-spacer-_aad115-60\"><div class=\"kt-block-spacer kt-block-spacer-halign-center\" style=\"height:60px\"><hr class=\"kt-divider\" style=\"border-top-color:rgba(238, 238, 238, 1);border-top-width:1px;width:80%;border-top-style:solid\"\/><\/div><\/div>\n\n\n\n<h4 class=\"wp-block-heading\">Rapport annuel de Fluid Spirit<\/h4>\n\n\n\n<p><a rel=\"noreferrer noopener\" href=\"https:\/\/www.fluid-spirit.ch\/wp-content\/uploads\/2021\/01\/jahresbericht_fluid_spirit_2020.pdf\" data-type=\"URL\" data-id=\"https:\/\/www.fluid-spirit.ch\/wp-content\/uploads\/2021\/01\/jahresbericht_fluid_spirit_2020.pdf\" target=\"_blank\">Rapport annuel 2020 de Fluid Spirit 2020<\/a><\/p>\n","protected":false},"excerpt":{"rendered":"<p>A propos de nous Le but et l\u2019objectif de Fluid Spirit est de cr\u00e9er une patrie pour tous les \u00eatres, c\u2019est-\u00e0-dire pour les \u00eatres humains, les animaux et les plantes. Fluid Spirit a pour objet de rassembler les multiples forces concurrentes et oppos\u00e9es qui existent parmi les \u00eatres humains et de les unir dans un [&hellip;]<\/p>\n","protected":false},"author":1,"featured_media":0,"parent":0,"menu_order":1,"comment_status":"closed","ping_status":"closed","template":"","meta":{"_coblocks_attr":"","_coblocks_dimensions":"","_coblocks_responsive_height":"","_coblocks_accordion_ie_support":"","_uag_custom_page_level_css":"","site-sidebar-layout":"no-sidebar","site-content-layout":"default","ast-site-content-layout":"default","site-content-style":"default","site-sidebar-style":"default","ast-global-header-display":"","ast-banner-title-visibility":"","ast-main-header-display":"","ast-hfb-above-header-display":"","ast-hfb-below-header-display":"","ast-hfb-mobile-header-display":"","site-post-title":"disabled","ast-breadcrumbs-content":"","ast-featured-img":"disabled","footer-sml-layout":"","theme-transparent-header-meta":"default","adv-header-id-meta":"","stick-header-meta":"default","header-above-stick-meta":"","header-main-stick-meta":"","header-below-stick-meta":"","astra-migrate-meta-layouts":"default","ast-page-background-enabled":"default","ast-page-background-meta":{"desktop":{"background-color":"","background-image":"","background-repeat":"repeat","background-position":"center center","background-size":"auto","background-attachment":"scroll","background-type":"","background-media":"","overlay-type":"","overlay-color":"","overlay-opacity":"","overlay-gradient":""},"tablet":{"background-color":"","background-image":"","background-repeat":"repeat","background-position":"center center","background-size":"auto","background-attachment":"scroll","background-type":"","background-media":"","overlay-type":"","overlay-color":"","overlay-opacity":"","overlay-gradient":""},"mobile":{"background-color":"","background-image":"","background-repeat":"repeat","background-position":"center center","background-size":"auto","background-attachment":"scroll","background-type":"","background-media":"","overlay-type":"","overlay-color":"","overlay-opacity":"","overlay-gradient":""}},"ast-content-background-meta":{"desktop":{"background-color":"var(--ast-global-color-5)","background-image":"","background-repeat":"repeat","background-position":"center center","background-size":"auto","background-attachment":"scroll","background-type":"","background-media":"","overlay-type":"","overlay-color":"","overlay-opacity":"","overlay-gradient":""},"tablet":{"background-color":"var(--ast-global-color-5)","background-image":"","background-repeat":"repeat","background-position":"center center","background-size":"auto","background-attachment":"scroll","background-type":"","background-media":"","overlay-type":"","overlay-color":"","overlay-opacity":"","overlay-gradient":""},"mobile":{"background-color":"var(--ast-global-color-5)","background-image":"","background-repeat":"repeat","background-position":"center center","background-size":"auto","background-attachment":"scroll","background-type":"","background-media":"","overlay-type":"","overlay-color":"","overlay-opacity":"","overlay-gradient":""}},"footnotes":""},"class_list":["post-143137","page","type-page","status-publish","hentry"],"yoast_head":"<!-- This site is optimized with the Yoast SEO plugin v26.4 - https:\/\/yoast.com\/wordpress\/plugins\/seo\/ -->\r\n<title>A propos de nous | Fluid Spirit | In der Wirklichkeit zu Hause<\/title>\r\n<meta name=\"robots\" content=\"index, follow, max-snippet:-1, max-image-preview:large, max-video-preview:-1\" \/>\r\n<link rel=\"canonical\" href=\"https:\/\/www.fluid-spirit.ch\/fr\/a-propos-de-nous\/\" \/>\r\n<meta property=\"og:locale\" content=\"fr_FR\" \/>\r\n<meta property=\"og:type\" content=\"article\" \/>\r\n<meta property=\"og:title\" content=\"A propos de nous | Fluid Spirit | In der Wirklichkeit zu Hause\" \/>\r\n<meta property=\"og:description\" content=\"A propos de nous Le but et l\u2019objectif de Fluid Spirit est de cr\u00e9er une patrie pour tous les \u00eatres, c\u2019est-\u00e0-dire pour les \u00eatres humains, les animaux et les plantes. Fluid Spirit a pour objet de rassembler les multiples forces concurrentes et oppos\u00e9es qui existent parmi les \u00eatres humains et de les unir dans un [&hellip;]\" \/>\r\n<meta property=\"og:url\" content=\"https:\/\/www.fluid-spirit.ch\/fr\/a-propos-de-nous\/\" \/>\r\n<meta property=\"og:site_name\" content=\"Fluid Spirit | In der Wirklichkeit zu Hause\" \/>\r\n<meta property=\"article:modified_time\" content=\"2021-04-16T21:01:46+00:00\" \/>\r\n<meta name=\"twitter:card\" content=\"summary_large_image\" \/>\r\n<meta name=\"twitter:label1\" content=\"Dur\u00e9e de lecture estim\u00e9e\" \/>\n\t<meta name=\"twitter:data1\" content=\"1 minute\" \/>\r\n<script type=\"application\/ld+json\" class=\"yoast-schema-graph\">{\"@context\":\"https:\/\/schema.org\",\"@graph\":[{\"@type\":\"WebPage\",\"@id\":\"https:\/\/www.fluid-spirit.ch\/fr\/a-propos-de-nous\/\",\"url\":\"https:\/\/www.fluid-spirit.ch\/fr\/a-propos-de-nous\/\",\"name\":\"A propos de nous | Fluid Spirit | In der Wirklichkeit zu Hause\",\"isPartOf\":{\"@id\":\"https:\/\/www.fluid-spirit.ch\/#website\"},\"datePublished\":\"2021-01-04T17:00:11+00:00\",\"dateModified\":\"2021-04-16T21:01:46+00:00\",\"breadcrumb\":{\"@id\":\"https:\/\/www.fluid-spirit.ch\/fr\/a-propos-de-nous\/#breadcrumb\"},\"inLanguage\":\"fr-FR\",\"potentialAction\":[{\"@type\":\"ReadAction\",\"target\":[\"https:\/\/www.fluid-spirit.ch\/fr\/a-propos-de-nous\/\"]}]},{\"@type\":\"BreadcrumbList\",\"@id\":\"https:\/\/www.fluid-spirit.ch\/fr\/a-propos-de-nous\/#breadcrumb\",\"itemListElement\":[{\"@type\":\"ListItem\",\"position\":1,\"name\":\"Startseite\",\"item\":\"https:\/\/www.fluid-spirit.ch\/fr\/\"},{\"@type\":\"ListItem\",\"position\":2,\"name\":\"A propos de nous\"}]},{\"@type\":\"WebSite\",\"@id\":\"https:\/\/www.fluid-spirit.ch\/#website\",\"url\":\"https:\/\/www.fluid-spirit.ch\/\",\"name\":\"Fluid Spirit | In der Wirklichkeit zu Hause\",\"description\":\"Ganzheitliche und spirituelle Entwicklung\",\"publisher\":{\"@id\":\"https:\/\/www.fluid-spirit.ch\/#organization\"},\"potentialAction\":[{\"@type\":\"SearchAction\",\"target\":{\"@type\":\"EntryPoint\",\"urlTemplate\":\"https:\/\/www.fluid-spirit.ch\/?s={search_term_string}\"},\"query-input\":{\"@type\":\"PropertyValueSpecification\",\"valueRequired\":true,\"valueName\":\"search_term_string\"}}],\"inLanguage\":\"fr-FR\"},{\"@type\":\"Organization\",\"@id\":\"https:\/\/www.fluid-spirit.ch\/#organization\",\"name\":\"Fluid Spirit | In der Wirklichkeit zu Hause\",\"url\":\"https:\/\/www.fluid-spirit.ch\/\",\"logo\":{\"@type\":\"ImageObject\",\"inLanguage\":\"fr-FR\",\"@id\":\"https:\/\/www.fluid-spirit.ch\/#\/schema\/logo\/image\/\",\"url\":\"https:\/\/www.fluid-spirit.ch\/wp-content\/uploads\/2020\/09\/kunstkarte_herz_schlafzimmer_neu.jpg\",\"contentUrl\":\"https:\/\/www.fluid-spirit.ch\/wp-content\/uploads\/2020\/09\/kunstkarte_herz_schlafzimmer_neu.jpg\",\"width\":1920,\"height\":1522,\"caption\":\"Fluid Spirit | In der Wirklichkeit zu Hause\"},\"image\":{\"@id\":\"https:\/\/www.fluid-spirit.ch\/#\/schema\/logo\/image\/\"},\"sameAs\":[\"https:\/\/www.youtube.com\/channel\/UCLp9T8eTxYZytG7s5RhKwnQ\"]}]}<\/script>\r\n<!-- \/ Yoast SEO plugin. -->","yoast_head_json":{"title":"A propos de nous | Fluid Spirit | In der Wirklichkeit zu Hause","robots":{"index":"index","follow":"follow","max-snippet":"max-snippet:-1","max-image-preview":"max-image-preview:large","max-video-preview":"max-video-preview:-1"},"canonical":"https:\/\/www.fluid-spirit.ch\/fr\/a-propos-de-nous\/","og_locale":"fr_FR","og_type":"article","og_title":"A propos de nous | Fluid Spirit | In der Wirklichkeit zu Hause","og_description":"A propos de nous Le but et l\u2019objectif de Fluid Spirit est de cr\u00e9er une patrie pour tous les \u00eatres, c\u2019est-\u00e0-dire pour les \u00eatres humains, les animaux et les plantes. Fluid Spirit a pour objet de rassembler les multiples forces concurrentes et oppos\u00e9es qui existent parmi les \u00eatres humains et de les unir dans un [&hellip;]","og_url":"https:\/\/www.fluid-spirit.ch\/fr\/a-propos-de-nous\/","og_site_name":"Fluid Spirit | In der Wirklichkeit zu Hause","article_modified_time":"2021-04-16T21:01:46+00:00","twitter_card":"summary_large_image","twitter_misc":{"Dur\u00e9e de lecture estim\u00e9e":"1 minute"},"schema":{"@context":"https:\/\/schema.org","@graph":[{"@type":"WebPage","@id":"https:\/\/www.fluid-spirit.ch\/fr\/a-propos-de-nous\/","url":"https:\/\/www.fluid-spirit.ch\/fr\/a-propos-de-nous\/","name":"A propos de nous | Fluid Spirit | In der Wirklichkeit zu Hause","isPartOf":{"@id":"https:\/\/www.fluid-spirit.ch\/#website"},"datePublished":"2021-01-04T17:00:11+00:00","dateModified":"2021-04-16T21:01:46+00:00","breadcrumb":{"@id":"https:\/\/www.fluid-spirit.ch\/fr\/a-propos-de-nous\/#breadcrumb"},"inLanguage":"fr-FR","potentialAction":[{"@type":"ReadAction","target":["https:\/\/www.fluid-spirit.ch\/fr\/a-propos-de-nous\/"]}]},{"@type":"BreadcrumbList","@id":"https:\/\/www.fluid-spirit.ch\/fr\/a-propos-de-nous\/#breadcrumb","itemListElement":[{"@type":"ListItem","position":1,"name":"Startseite","item":"https:\/\/www.fluid-spirit.ch\/fr\/"},{"@type":"ListItem","position":2,"name":"A propos de nous"}]},{"@type":"WebSite","@id":"https:\/\/www.fluid-spirit.ch\/#website","url":"https:\/\/www.fluid-spirit.ch\/","name":"Fluid Spirit | In der Wirklichkeit zu Hause","description":"Ganzheitliche und spirituelle Entwicklung","publisher":{"@id":"https:\/\/www.fluid-spirit.ch\/#organization"},"potentialAction":[{"@type":"SearchAction","target":{"@type":"EntryPoint","urlTemplate":"https:\/\/www.fluid-spirit.ch\/?s={search_term_string}"},"query-input":{"@type":"PropertyValueSpecification","valueRequired":true,"valueName":"search_term_string"}}],"inLanguage":"fr-FR"},{"@type":"Organization","@id":"https:\/\/www.fluid-spirit.ch\/#organization","name":"Fluid Spirit | In der Wirklichkeit zu Hause","url":"https:\/\/www.fluid-spirit.ch\/","logo":{"@type":"ImageObject","inLanguage":"fr-FR","@id":"https:\/\/www.fluid-spirit.ch\/#\/schema\/logo\/image\/","url":"https:\/\/www.fluid-spirit.ch\/wp-content\/uploads\/2020\/09\/kunstkarte_herz_schlafzimmer_neu.jpg","contentUrl":"https:\/\/www.fluid-spirit.ch\/wp-content\/uploads\/2020\/09\/kunstkarte_herz_schlafzimmer_neu.jpg","width":1920,"height":1522,"caption":"Fluid Spirit | In der Wirklichkeit zu Hause"},"image":{"@id":"https:\/\/www.fluid-spirit.ch\/#\/schema\/logo\/image\/"},"sameAs":["https:\/\/www.youtube.com\/channel\/UCLp9T8eTxYZytG7s5RhKwnQ"]}]}},"uagb_featured_image_src":{"full":false,"thumbnail":false,"medium":false,"medium_large":false,"large":false,"1536x1536":false,"2048x2048":false},"uagb_author_info":{"display_name":"Ivo M\u00fcller","author_link":"https:\/\/www.fluid-spirit.ch\/fr\/author\/admin\/"},"uagb_comment_info":0,"uagb_excerpt":"A propos de nous Le but et l\u2019objectif de Fluid Spirit est de cr\u00e9er une patrie pour tous les \u00eatres, c\u2019est-\u00e0-dire pour les \u00eatres humains, les animaux et les plantes. Fluid Spirit a pour objet de rassembler les multiples forces concurrentes et oppos\u00e9es qui existent parmi les \u00eatres humains et de les unir dans un\u2026","_links":{"self":[{"href":"https:\/\/www.fluid-spirit.ch\/fr\/wp-json\/wp\/v2\/pages\/143137","targetHints":{"allow":["GET"]}}],"collection":[{"href":"https:\/\/www.fluid-spirit.ch\/fr\/wp-json\/wp\/v2\/pages"}],"about":[{"href":"https:\/\/www.fluid-spirit.ch\/fr\/wp-json\/wp\/v2\/types\/page"}],"author":[{"embeddable":true,"href":"https:\/\/www.fluid-spirit.ch\/fr\/wp-json\/wp\/v2\/users\/1"}],"replies":[{"embeddable":true,"href":"https:\/\/www.fluid-spirit.ch\/fr\/wp-json\/wp\/v2\/comments?post=143137"}],"version-history":[{"count":8,"href":"https:\/\/www.fluid-spirit.ch\/fr\/wp-json\/wp\/v2\/pages\/143137\/revisions"}],"predecessor-version":[{"id":145716,"href":"https:\/\/www.fluid-spirit.ch\/fr\/wp-json\/wp\/v2\/pages\/143137\/revisions\/145716"}],"wp:attachment":[{"href":"https:\/\/www.fluid-spirit.ch\/fr\/wp-json\/wp\/v2\/media?parent=143137"}],"curies":[{"name":"wp","href":"https:\/\/api.w.org\/{rel}","templated":true}]}}