{"id":143140,"date":"2021-01-04T19:10:04","date_gmt":"2021-01-04T19:10:04","guid":{"rendered":"https:\/\/neu.fluid-spirit.ch\/publications\/"},"modified":"2021-04-16T15:33:41","modified_gmt":"2021-04-16T14:33:41","slug":"publications","status":"publish","type":"page","link":"https:\/\/www.fluid-spirit.ch\/fr\/publications\/","title":{"rendered":"Publications"},"content":{"rendered":"\n<p><strong>Livres de Danielle H. Jolissaint, Verlag Fluid Spirit<\/strong><\/p>\n\n\n\n<figure class=\"wp-block-table is-style-regular\"><table><thead><tr><th><strong>Titre<\/strong><\/th><th><strong>\u00c9ditrice<\/strong><\/th><\/tr><\/thead><tbody><tr><td>Fluid Spirit &#8211; In der Wirklichkeit zu Hause &#8211; Ein Leitfaden f\u00fcr ganzheitliche und spirituelle Entwicklung (Allemand)<\/td><td>Danielle H. Jolissaint<\/td><\/tr><tr><td>Aus Liebe zu allen Wesen dieser Welt &#8211; Vegane Men\u00fcs von Fluid Spirit<\/td><td>Danielle H. Jolissaint<\/td><\/tr><tr><td>Fluid Spirit, Band III, Fleurs de Jolissaint<\/td><td>Danielle H. Jolissaint<\/td><\/tr><\/tbody><\/table><\/figure>\n\n\n\n<figure class=\"wp-block-table is-style-regular\"><table><thead><tr><th><strong>Livres de cuisine (allemand)<\/strong><\/th><th><strong>\u00c9ditrice \/ \u00c9diteur<\/strong><\/th><th><strong>Allimentation<\/strong><\/th><\/tr><\/thead><tbody><tr><td>Aus Liebe zu allen Wesen dieser Welt &#8211; Vegane Men\u00fcs von Fluid Spirit<\/td><td>Danielle H. Jolissaint<\/td><td>v\u00e9gan<\/td><\/tr><tr><td>Einfach vegan \u2013 Die s\u00fcsse K\u00fcche<\/td><td>Roland Rauter<\/td><td>v\u00e9gan<\/td><\/tr><tr><td>Einfach vegan \u2013 Genussvoll durch den Tag<\/td><td>Roland Rauter<\/td><td>v\u00e9gan<\/td><\/tr><tr><td>K\u00e4se veganese<\/td><td>Heike K\u00fcgler-Anger<\/td><td>v\u00e9gan<\/td><\/tr><tr><td>Vegan kochen f\u00fcr alle<\/td><td>Bj\u00f6rn Moschinski<\/td><td>v\u00e9gan<\/td><\/tr><tr><td>Vegan backen<\/td><td>Angelika Eckstein<\/td><td>v\u00e9gan<\/td><\/tr><tr><td>Vegan grillen<\/td><td>Heike K\u00fcgler-Anger<\/td><td>v\u00e9gan<\/td><\/tr><tr><td>Vegan und Roh<\/td><td>Christl Kurz<\/td><td>v\u00e9gan<\/td><\/tr><tr><td>Vegan &amp; vollwertig<\/td><td>Barbara R\u00fctting<\/td><td>v\u00e9gan<\/td><\/tr><tr><td>Vegane Brotaufstriche<\/td><td>Heike K\u00fcgler-Anger<\/td><td>v\u00e9gan<\/td><\/tr><tr><td>Vegane Rohk\u00f6stlichkeiten aus dem Mixer<\/td><td>Heike K\u00fcgler-Anger<\/td><td>v\u00e9gan<\/td><\/tr><tr><td>Vegane Weihnachtsb\u00e4ckerei<\/td><td>Angelika Eckstein<\/td><td>v\u00e9gan<\/td><\/tr><tr><td>Veganes f\u00fcrs Fest<\/td><td>Heike K\u00fcgler-Anger<\/td><td>v\u00e9gan<\/td><\/tr><\/tbody><\/table><\/figure>\n\n\n\n<p><p><strong>Films sur l\u2019alimentation et l\u2019\u00e9cologie<\/strong><\/p><\/p>\n\n\n\n<figure class=\"wp-block-table is-style-regular\"><table><thead><tr><th><strong>Film<\/strong><\/th><th><\/th><th><strong>Langue<\/strong><\/th><\/tr><\/thead><tbody><tr><td>Du bist was Du isst<\/td><td>Mit Dr. Dan Rogers \/ Phillip Day<\/td><td><p><strong>DE \/ EN<\/strong><\/p><\/td><\/tr><tr><td>Food Inc.<\/td><td>Mit Michael Pollen \/ Gary Hirshberg<\/td><td>DE \/ EN<\/td><\/tr><tr><td>Good Food \/ Bad Food \u2013 Anleitung f\u00fcr eine bessere Landwirtschaft<\/td><td>Coline Serreau<\/td><td>DE \/ EN \/ FR<\/td><\/tr><tr><td><p>Gabel statt Skalpell<br>(Film du livre \u201eChina Study\u201c de T. Colin Campbell)<\/p><\/td><td>Lee Fulkerson<\/td><td>DE<\/td><\/tr><tr><td>Home<\/td><td>Yann Arthus-Bertrand<\/td><td>DE \/ EN \/ FR<\/td><\/tr><tr><td>Monsanto \u2013 mit Gift und Genen<\/td><td>Marie-Monique Robin<\/td><td>DE \/ FR<\/td><\/tr><tr><td>Notre poison quotidien \/ Unser t\u00e4gliches Gift<\/td><td>Marie-Monique Robin<\/td><td>DE \/ FR<\/td><\/tr><tr><td>We feed the world<\/td><td>Mit Jean Ziegler \/ Peter Brabeck<\/td><td>DE \/ EN \/ FR<\/td><\/tr><\/tbody><\/table><\/figure>\n\n\n\n<p><p><strong>Livres sur la nutrition v\u00e9g\u00e9talienne et v\u00e9g\u00e9tarienne<\/strong><\/p><\/p>\n\n\n\n<figure class=\"wp-block-table is-style-regular\"><table><thead><tr><th><strong>Titre<\/strong><\/th><th><strong>\u00c9ditrice\/\u00c9diteur<\/strong><\/th><th>Langue<\/th><th><strong>Allimentation<\/strong><\/th><\/tr><\/thead><tbody><tr><td><p>China Study \u2013<br>Die wissenschaftliche Begr\u00fcndung f\u00fcr eine vegane Ern\u00e4hrungsweise<\/p><\/td><td><p>T. Colin Campbell<br>Thomas M. Campbell<\/p><\/td><td>DE \/ EN<\/td><td>v\u00e9gan<\/td><\/tr><tr><td>Das vegetarische Baby \u2013 Schwangerschaft \/ Stillzeit \/ Lebensjahr<\/td><td>Irmela Eckenbrecht<\/td><td>DE<\/td><td>v\u00e9g\u00e9tarien<\/td><\/tr><tr><td>E-Nummern und Zusatzstoffe<\/td><td><p>GU Kompass<br>I.&nbsp;Elmadfa \/ E.&nbsp;Muskat \/ D.&nbsp;Fritzsche<\/p><\/td><td>DE<\/td><td>Outil de r\u00e9f\u00e9rence<\/td><\/tr><tr><td>Vegane Ern\u00e4hrung, Schwangerschaft, Stillzeit und Beikost<\/td><td>Markus Keller, Edith G\u00e4tjen<\/td><td>DE<\/td><td>v\u00e9gan<\/td><\/tr><tr><td>Vegetarisch leben<\/td><td>Armin Risi \/ Ronald Z\u00fcrrer<\/td><td>DE<\/td><td>v\u00e9gan<\/td><\/tr><tr><td>Alimentation v\u00e9g\u00e9tarienne<\/td><td>Claus Leitzmann \/ Markus Keller<\/td><td>DE<\/td><td>v\u00e9g\u00e9tarien<\/td><\/tr><\/tbody><\/table><\/figure>\n","protected":false},"excerpt":{"rendered":"<p>Livres de Danielle H. Jolissaint, Verlag Fluid Spirit Titre \u00c9ditrice Fluid Spirit &#8211; In der Wirklichkeit zu Hause &#8211; Ein Leitfaden f\u00fcr ganzheitliche und spirituelle Entwicklung (Allemand) Danielle H. Jolissaint Aus Liebe zu allen Wesen dieser Welt &#8211; Vegane Men\u00fcs von Fluid Spirit Danielle H. Jolissaint Fluid Spirit, Band III, Fleurs de Jolissaint Danielle H. [&hellip;]<\/p>\n","protected":false},"author":1,"featured_media":0,"parent":0,"menu_order":2,"comment_status":"closed","ping_status":"closed","template":"","meta":{"_coblocks_attr":"","_coblocks_dimensions":"","_coblocks_responsive_height":"","_coblocks_accordion_ie_support":"","_uag_custom_page_level_css":"","site-sidebar-layout":"no-sidebar","site-content-layout":"default","ast-site-content-layout":"default","site-content-style":"default","site-sidebar-style":"default","ast-global-header-display":"","ast-banner-title-visibility":"","ast-main-header-display":"","ast-hfb-above-header-display":"","ast-hfb-below-header-display":"","ast-hfb-mobile-header-display":"","site-post-title":"disabled","ast-breadcrumbs-content":"","ast-featured-img":"disabled","footer-sml-layout":"","theme-transparent-header-meta":"default","adv-header-id-meta":"","stick-header-meta":"default","header-above-stick-meta":"","header-main-stick-meta":"","header-below-stick-meta":"","astra-migrate-meta-layouts":"default","ast-page-background-enabled":"default","ast-page-background-meta":{"desktop":{"background-color":"","background-image":"","background-repeat":"repeat","background-position":"center center","background-size":"auto","background-attachment":"scroll","background-type":"","background-media":"","overlay-type":"","overlay-color":"","overlay-opacity":"","overlay-gradient":""},"tablet":{"background-color":"","background-image":"","background-repeat":"repeat","background-position":"center center","background-size":"auto","background-attachment":"scroll","background-type":"","background-media":"","overlay-type":"","overlay-color":"","overlay-opacity":"","overlay-gradient":""},"mobile":{"background-color":"","background-image":"","background-repeat":"repeat","background-position":"center center","background-size":"auto","background-attachment":"scroll","background-type":"","background-media":"","overlay-type":"","overlay-color":"","overlay-opacity":"","overlay-gradient":""}},"ast-content-background-meta":{"desktop":{"background-color":"var(--ast-global-color-5)","background-image":"","background-repeat":"repeat","background-position":"center center","background-size":"auto","background-attachment":"scroll","background-type":"","background-media":"","overlay-type":"","overlay-color":"","overlay-opacity":"","overlay-gradient":""},"tablet":{"background-color":"var(--ast-global-color-5)","background-image":"","background-repeat":"repeat","background-position":"center center","background-size":"auto","background-attachment":"scroll","background-type":"","background-media":"","overlay-type":"","overlay-color":"","overlay-opacity":"","overlay-gradient":""},"mobile":{"background-color":"var(--ast-global-color-5)","background-image":"","background-repeat":"repeat","background-position":"center center","background-size":"auto","background-attachment":"scroll","background-type":"","background-media":"","overlay-type":"","overlay-color":"","overlay-opacity":"","overlay-gradient":""}},"footnotes":""},"class_list":["post-143140","page","type-page","status-publish","hentry"],"yoast_head":"<!-- This site is optimized with the Yoast SEO plugin v26.4 - https:\/\/yoast.com\/wordpress\/plugins\/seo\/ -->\r\n<title>Publications | Fluid Spirit | In der Wirklichkeit zu Hause<\/title>\r\n<meta name=\"robots\" content=\"index, follow, max-snippet:-1, max-image-preview:large, max-video-preview:-1\" \/>\r\n<link rel=\"canonical\" href=\"https:\/\/www.fluid-spirit.ch\/fr\/publications\/\" \/>\r\n<meta property=\"og:locale\" content=\"fr_FR\" \/>\r\n<meta property=\"og:type\" content=\"article\" \/>\r\n<meta property=\"og:title\" content=\"Publications | Fluid Spirit | In der Wirklichkeit zu Hause\" \/>\r\n<meta property=\"og:description\" content=\"Livres de Danielle H. Jolissaint, Verlag Fluid Spirit Titre \u00c9ditrice Fluid Spirit &#8211; In der Wirklichkeit zu Hause &#8211; Ein Leitfaden f\u00fcr ganzheitliche und spirituelle Entwicklung (Allemand) Danielle H. Jolissaint Aus Liebe zu allen Wesen dieser Welt &#8211; Vegane Men\u00fcs von Fluid Spirit Danielle H. Jolissaint Fluid Spirit, Band III, Fleurs de Jolissaint Danielle H. [&hellip;]\" \/>\r\n<meta property=\"og:url\" content=\"https:\/\/www.fluid-spirit.ch\/fr\/publications\/\" \/>\r\n<meta property=\"og:site_name\" content=\"Fluid Spirit | In der Wirklichkeit zu Hause\" \/>\r\n<meta property=\"article:modified_time\" content=\"2021-04-16T14:33:41+00:00\" \/>\r\n<meta name=\"twitter:card\" content=\"summary_large_image\" \/>\r\n<meta name=\"twitter:label1\" content=\"Dur\u00e9e de lecture estim\u00e9e\" \/>\n\t<meta name=\"twitter:data1\" content=\"1 minute\" \/>\r\n<script type=\"application\/ld+json\" class=\"yoast-schema-graph\">{\"@context\":\"https:\/\/schema.org\",\"@graph\":[{\"@type\":\"WebPage\",\"@id\":\"https:\/\/www.fluid-spirit.ch\/fr\/publications\/\",\"url\":\"https:\/\/www.fluid-spirit.ch\/fr\/publications\/\",\"name\":\"Publications | Fluid Spirit | In der Wirklichkeit zu Hause\",\"isPartOf\":{\"@id\":\"https:\/\/www.fluid-spirit.ch\/#website\"},\"datePublished\":\"2021-01-04T19:10:04+00:00\",\"dateModified\":\"2021-04-16T14:33:41+00:00\",\"breadcrumb\":{\"@id\":\"https:\/\/www.fluid-spirit.ch\/fr\/publications\/#breadcrumb\"},\"inLanguage\":\"fr-FR\",\"potentialAction\":[{\"@type\":\"ReadAction\",\"target\":[\"https:\/\/www.fluid-spirit.ch\/fr\/publications\/\"]}]},{\"@type\":\"BreadcrumbList\",\"@id\":\"https:\/\/www.fluid-spirit.ch\/fr\/publications\/#breadcrumb\",\"itemListElement\":[{\"@type\":\"ListItem\",\"position\":1,\"name\":\"Startseite\",\"item\":\"https:\/\/www.fluid-spirit.ch\/fr\/\"},{\"@type\":\"ListItem\",\"position\":2,\"name\":\"Publications\"}]},{\"@type\":\"WebSite\",\"@id\":\"https:\/\/www.fluid-spirit.ch\/#website\",\"url\":\"https:\/\/www.fluid-spirit.ch\/\",\"name\":\"Fluid Spirit | In der Wirklichkeit zu Hause\",\"description\":\"Ganzheitliche und spirituelle Entwicklung\",\"publisher\":{\"@id\":\"https:\/\/www.fluid-spirit.ch\/#organization\"},\"potentialAction\":[{\"@type\":\"SearchAction\",\"target\":{\"@type\":\"EntryPoint\",\"urlTemplate\":\"https:\/\/www.fluid-spirit.ch\/?s={search_term_string}\"},\"query-input\":{\"@type\":\"PropertyValueSpecification\",\"valueRequired\":true,\"valueName\":\"search_term_string\"}}],\"inLanguage\":\"fr-FR\"},{\"@type\":\"Organization\",\"@id\":\"https:\/\/www.fluid-spirit.ch\/#organization\",\"name\":\"Fluid Spirit | In der Wirklichkeit zu Hause\",\"url\":\"https:\/\/www.fluid-spirit.ch\/\",\"logo\":{\"@type\":\"ImageObject\",\"inLanguage\":\"fr-FR\",\"@id\":\"https:\/\/www.fluid-spirit.ch\/#\/schema\/logo\/image\/\",\"url\":\"https:\/\/www.fluid-spirit.ch\/wp-content\/uploads\/2020\/09\/kunstkarte_herz_schlafzimmer_neu.jpg\",\"contentUrl\":\"https:\/\/www.fluid-spirit.ch\/wp-content\/uploads\/2020\/09\/kunstkarte_herz_schlafzimmer_neu.jpg\",\"width\":1920,\"height\":1522,\"caption\":\"Fluid Spirit | In der Wirklichkeit zu Hause\"},\"image\":{\"@id\":\"https:\/\/www.fluid-spirit.ch\/#\/schema\/logo\/image\/\"},\"sameAs\":[\"https:\/\/www.youtube.com\/channel\/UCLp9T8eTxYZytG7s5RhKwnQ\"]}]}<\/script>\r\n<!-- \/ Yoast SEO plugin. -->","yoast_head_json":{"title":"Publications | Fluid Spirit | In der Wirklichkeit zu Hause","robots":{"index":"index","follow":"follow","max-snippet":"max-snippet:-1","max-image-preview":"max-image-preview:large","max-video-preview":"max-video-preview:-1"},"canonical":"https:\/\/www.fluid-spirit.ch\/fr\/publications\/","og_locale":"fr_FR","og_type":"article","og_title":"Publications | Fluid Spirit | In der Wirklichkeit zu Hause","og_description":"Livres de Danielle H. Jolissaint, Verlag Fluid Spirit Titre \u00c9ditrice Fluid Spirit &#8211; In der Wirklichkeit zu Hause &#8211; Ein Leitfaden f\u00fcr ganzheitliche und spirituelle Entwicklung (Allemand) Danielle H. Jolissaint Aus Liebe zu allen Wesen dieser Welt &#8211; Vegane Men\u00fcs von Fluid Spirit Danielle H. Jolissaint Fluid Spirit, Band III, Fleurs de Jolissaint Danielle H. [&hellip;]","og_url":"https:\/\/www.fluid-spirit.ch\/fr\/publications\/","og_site_name":"Fluid Spirit | In der Wirklichkeit zu Hause","article_modified_time":"2021-04-16T14:33:41+00:00","twitter_card":"summary_large_image","twitter_misc":{"Dur\u00e9e de lecture estim\u00e9e":"1 minute"},"schema":{"@context":"https:\/\/schema.org","@graph":[{"@type":"WebPage","@id":"https:\/\/www.fluid-spirit.ch\/fr\/publications\/","url":"https:\/\/www.fluid-spirit.ch\/fr\/publications\/","name":"Publications | Fluid Spirit | In der Wirklichkeit zu Hause","isPartOf":{"@id":"https:\/\/www.fluid-spirit.ch\/#website"},"datePublished":"2021-01-04T19:10:04+00:00","dateModified":"2021-04-16T14:33:41+00:00","breadcrumb":{"@id":"https:\/\/www.fluid-spirit.ch\/fr\/publications\/#breadcrumb"},"inLanguage":"fr-FR","potentialAction":[{"@type":"ReadAction","target":["https:\/\/www.fluid-spirit.ch\/fr\/publications\/"]}]},{"@type":"BreadcrumbList","@id":"https:\/\/www.fluid-spirit.ch\/fr\/publications\/#breadcrumb","itemListElement":[{"@type":"ListItem","position":1,"name":"Startseite","item":"https:\/\/www.fluid-spirit.ch\/fr\/"},{"@type":"ListItem","position":2,"name":"Publications"}]},{"@type":"WebSite","@id":"https:\/\/www.fluid-spirit.ch\/#website","url":"https:\/\/www.fluid-spirit.ch\/","name":"Fluid Spirit | In der Wirklichkeit zu Hause","description":"Ganzheitliche und spirituelle Entwicklung","publisher":{"@id":"https:\/\/www.fluid-spirit.ch\/#organization"},"potentialAction":[{"@type":"SearchAction","target":{"@type":"EntryPoint","urlTemplate":"https:\/\/www.fluid-spirit.ch\/?s={search_term_string}"},"query-input":{"@type":"PropertyValueSpecification","valueRequired":true,"valueName":"search_term_string"}}],"inLanguage":"fr-FR"},{"@type":"Organization","@id":"https:\/\/www.fluid-spirit.ch\/#organization","name":"Fluid Spirit | In der Wirklichkeit zu Hause","url":"https:\/\/www.fluid-spirit.ch\/","logo":{"@type":"ImageObject","inLanguage":"fr-FR","@id":"https:\/\/www.fluid-spirit.ch\/#\/schema\/logo\/image\/","url":"https:\/\/www.fluid-spirit.ch\/wp-content\/uploads\/2020\/09\/kunstkarte_herz_schlafzimmer_neu.jpg","contentUrl":"https:\/\/www.fluid-spirit.ch\/wp-content\/uploads\/2020\/09\/kunstkarte_herz_schlafzimmer_neu.jpg","width":1920,"height":1522,"caption":"Fluid Spirit | In der Wirklichkeit zu Hause"},"image":{"@id":"https:\/\/www.fluid-spirit.ch\/#\/schema\/logo\/image\/"},"sameAs":["https:\/\/www.youtube.com\/channel\/UCLp9T8eTxYZytG7s5RhKwnQ"]}]}},"uagb_featured_image_src":{"full":false,"thumbnail":false,"medium":false,"medium_large":false,"large":false,"1536x1536":false,"2048x2048":false},"uagb_author_info":{"display_name":"Ivo M\u00fcller","author_link":"https:\/\/www.fluid-spirit.ch\/fr\/author\/admin\/"},"uagb_comment_info":0,"uagb_excerpt":"Livres de Danielle H. Jolissaint, Verlag Fluid Spirit Titre \u00c9ditrice Fluid Spirit &#8211; In der Wirklichkeit zu Hause &#8211; Ein Leitfaden f\u00fcr ganzheitliche und spirituelle Entwicklung (Allemand) Danielle H. Jolissaint Aus Liebe zu allen Wesen dieser Welt &#8211; Vegane Men\u00fcs von Fluid Spirit Danielle H. Jolissaint Fluid Spirit, Band III, Fleurs de Jolissaint Danielle H.\u2026","_links":{"self":[{"href":"https:\/\/www.fluid-spirit.ch\/fr\/wp-json\/wp\/v2\/pages\/143140","targetHints":{"allow":["GET"]}}],"collection":[{"href":"https:\/\/www.fluid-spirit.ch\/fr\/wp-json\/wp\/v2\/pages"}],"about":[{"href":"https:\/\/www.fluid-spirit.ch\/fr\/wp-json\/wp\/v2\/types\/page"}],"author":[{"embeddable":true,"href":"https:\/\/www.fluid-spirit.ch\/fr\/wp-json\/wp\/v2\/users\/1"}],"replies":[{"embeddable":true,"href":"https:\/\/www.fluid-spirit.ch\/fr\/wp-json\/wp\/v2\/comments?post=143140"}],"version-history":[{"count":10,"href":"https:\/\/www.fluid-spirit.ch\/fr\/wp-json\/wp\/v2\/pages\/143140\/revisions"}],"predecessor-version":[{"id":145676,"href":"https:\/\/www.fluid-spirit.ch\/fr\/wp-json\/wp\/v2\/pages\/143140\/revisions\/145676"}],"wp:attachment":[{"href":"https:\/\/www.fluid-spirit.ch\/fr\/wp-json\/wp\/v2\/media?parent=143140"}],"curies":[{"name":"wp","href":"https:\/\/api.w.org\/{rel}","templated":true}]}}