{"id":145260,"date":"2021-01-22T13:59:29","date_gmt":"2021-01-22T13:59:29","guid":{"rendered":"https:\/\/www.fluid-spirit.ch\/etudes-et-analyses\/"},"modified":"2025-01-18T14:08:25","modified_gmt":"2025-01-18T13:08:25","slug":"etudes-et-analyses","status":"publish","type":"page","link":"https:\/\/www.fluid-spirit.ch\/fr\/etudes-et-analyses\/","title":{"rendered":"\u00c9tudes et analyses"},"content":{"rendered":"\n<h2 class=\"wp-block-heading\">\u00c9tudes et analyses<\/h2>\n\n\n\n<div class=\"wp-block-columns is-layout-flex wp-container-core-columns-is-layout-28f84493 wp-block-columns-is-layout-flex\">\n<div class=\"wp-block-column is-layout-flow wp-block-column-is-layout-flow\">\n<p>Fluid Spirit s&#8217;engage pour tous les \u00eatres de ce monde. En ce sens, Fluid Spirit prend \u00e9galement la d\u00e9fense de tous les animaux souffrants de cette terre. Fluid Spirit r\u00e9alise des \u00e9tudes et des analyses, que nous mettons volontiers \u00e0 la disposition du public. <br><\/p>\n\n\n\n<p><strong>\u00c9tude &#8220;Sensibilisation au traitement des animaux et au comportement alimentaire de l&#8217;homme&#8221;<\/strong><\/p>\n\n\n\n<p>En raison de la souffrance animale incommensurable des animaux dits de ferme tels que les vaches, les porcs, les moutons, les poulets, etc., que nous rencontrons tous les jours, nous nous sommes sentis appel\u00e9s \u00e0 nous engager activement dans la sensibilisation du public \u00e0 cette souffrance animale et \u00e0 ses cons\u00e9quences croissantes. \u00c0 cette fin, Fluid Spirit a lanc\u00e9 une \u00e9tude visant \u00e0 montrer l&#8217;incoh\u00e9rence de la pens\u00e9e des gens concernant leur pr\u00e9tendu amour des animaux et leur consommation contraire de viande. \u00c0 cette fin, des personnes de Fluid Spirit ont interrog\u00e9 au total 1939 personnes au moyen d&#8217;un questionnaire dans les villes de Zoug, Lucerne, Zurich, Berne, Winterthour et B\u00e2le, entre le 10.05.2018 et le 25.05.2019.<\/p>\n\n\n\n<p><a href=\"https:\/\/www.fluid-spirit.ch\/wp-content\/uploads\/2020\/12\/studie-bewusstwerdung-im-umgang-mit-tieren-und-dem-essverhalten-der-menschen_text_homepage_26_6_2019_korrigiert-uwe_postfach.pdf\">Studie \u00abBewusstwerdung im Umgang mit Tieren und dem Essverhalten der Menschen\u00bb <\/a><\/p>\n\n\n\n<p>Gestion globale (gestion des \u00e9tudes et des projets) : Danielle H. Jolissaint, MAS<br>Collaboration : Mario Rigo, CAS et Veronika Dobler<\/p>\n<\/div>\n\n\n\n<div class=\"wp-block-column is-layout-flow wp-block-column-is-layout-flow\">\n<p><strong>Analyse de la couverture des prot\u00e9ines humaines par les animaux et des effets sur les humains, les animaux et l&#8217;environnement &#8211; une enqu\u00eate sur les aspects \u00e9cologiques, \u00e9conomiques, sanitaires et \u00e9thiques<\/strong><\/p>\n\n\n\n<p>L&#8217;objectif \u00e9tait d&#8217;\u00e9tudier l&#8217;impact des r\u00e9gimes alimentaires \u00e0 base de prot\u00e9ines animales (viande et produits laitiers) sur l&#8217;\u00e9cologie, l&#8217;\u00e9conomie et la sant\u00e9 de l&#8217;homme. En outre, des principes \u00e9thiques ont \u00e9t\u00e9 inclus dans le travail afin d&#8217;examiner comment les humains traitent les animaux. <\/p>\n\n\n\n<p>Ce travail documentaire fournit des arguments scientifiquement fond\u00e9s, qui devraient servir de support aux personnes int\u00e9ress\u00e9es par la poursuite de la diffusion du v\u00e9ganisme. Ils peuvent utiliser les travaux litt\u00e9raires dans leurs domaines d&#8217;activit\u00e9 respectifs.<\/p>\n\n\n\n<p>Travail litt\u00e9raire : Mario Rigo, DAS<br>Directrice des \u00e9tudes : Danielle H. Jolissaint, MAS<\/p>\n\n\n\n<p><a href=\"https:\/\/www.fluid-spirit.ch\/wp-content\/uploads\/2025\/01\/14-Analyse-des-Tierproteinkonsumes_21.04.2024.pdf\">Analyse der menschlichen Proteinabdeckung durch Tiere und der Effekte auf Menschen Tiere und Umwelt<\/a><\/p>\n<\/div>\n<\/div>\n","protected":false},"excerpt":{"rendered":"<p>\u00c9tudes et analyses Fluid Spirit s&#8217;engage pour tous les \u00eatres de ce monde. En ce sens, Fluid Spirit prend \u00e9galement la d\u00e9fense de tous les animaux souffrants de cette terre. Fluid Spirit r\u00e9alise des \u00e9tudes et des analyses, que nous mettons volontiers \u00e0 la disposition du public. \u00c9tude &#8220;Sensibilisation au traitement des animaux et au [&hellip;]<\/p>\n","protected":false},"author":1,"featured_media":0,"parent":0,"menu_order":4,"comment_status":"closed","ping_status":"closed","template":"","meta":{"_coblocks_attr":"","_coblocks_dimensions":"","_coblocks_responsive_height":"","_coblocks_accordion_ie_support":"","_uag_custom_page_level_css":"","site-sidebar-layout":"no-sidebar","site-content-layout":"plain-container","ast-site-content-layout":"normal-width-container","site-content-style":"unboxed","site-sidebar-style":"unboxed","ast-global-header-display":"","ast-banner-title-visibility":"","ast-main-header-display":"","ast-hfb-above-header-display":"","ast-hfb-below-header-display":"","ast-hfb-mobile-header-display":"","site-post-title":"disabled","ast-breadcrumbs-content":"","ast-featured-img":"disabled","footer-sml-layout":"","theme-transparent-header-meta":"default","adv-header-id-meta":"","stick-header-meta":"default","header-above-stick-meta":"","header-main-stick-meta":"","header-below-stick-meta":"","astra-migrate-meta-layouts":"set","ast-page-background-enabled":"default","ast-page-background-meta":{"desktop":{"background-color":"","background-image":"","background-repeat":"repeat","background-position":"center center","background-size":"auto","background-attachment":"scroll","background-type":"","background-media":"","overlay-type":"","overlay-color":"","overlay-opacity":"","overlay-gradient":""},"tablet":{"background-color":"","background-image":"","background-repeat":"repeat","background-position":"center center","background-size":"auto","background-attachment":"scroll","background-type":"","background-media":"","overlay-type":"","overlay-color":"","overlay-opacity":"","overlay-gradient":""},"mobile":{"background-color":"","background-image":"","background-repeat":"repeat","background-position":"center center","background-size":"auto","background-attachment":"scroll","background-type":"","background-media":"","overlay-type":"","overlay-color":"","overlay-opacity":"","overlay-gradient":""}},"ast-content-background-meta":{"desktop":{"background-color":"var(--ast-global-color-5)","background-image":"","background-repeat":"repeat","background-position":"center center","background-size":"auto","background-attachment":"scroll","background-type":"","background-media":"","overlay-type":"","overlay-color":"","overlay-opacity":"","overlay-gradient":""},"tablet":{"background-color":"var(--ast-global-color-5)","background-image":"","background-repeat":"repeat","background-position":"center center","background-size":"auto","background-attachment":"scroll","background-type":"","background-media":"","overlay-type":"","overlay-color":"","overlay-opacity":"","overlay-gradient":""},"mobile":{"background-color":"var(--ast-global-color-5)","background-image":"","background-repeat":"repeat","background-position":"center center","background-size":"auto","background-attachment":"scroll","background-type":"","background-media":"","overlay-type":"","overlay-color":"","overlay-opacity":"","overlay-gradient":""}},"footnotes":""},"class_list":["post-145260","page","type-page","status-publish","hentry"],"yoast_head":"<!-- This site is optimized with the Yoast SEO plugin v26.4 - https:\/\/yoast.com\/wordpress\/plugins\/seo\/ -->\r\n<title>\u00c9tudes et analyses | Fluid Spirit | In der Wirklichkeit zu Hause<\/title>\r\n<meta name=\"robots\" content=\"index, follow, max-snippet:-1, max-image-preview:large, max-video-preview:-1\" \/>\r\n<link rel=\"canonical\" href=\"https:\/\/www.fluid-spirit.ch\/fr\/etudes-et-analyses\/\" \/>\r\n<meta property=\"og:locale\" content=\"fr_FR\" \/>\r\n<meta property=\"og:type\" content=\"article\" \/>\r\n<meta property=\"og:title\" content=\"\u00c9tudes et analyses | Fluid Spirit | In der Wirklichkeit zu Hause\" \/>\r\n<meta property=\"og:description\" content=\"\u00c9tudes et analyses Fluid Spirit s&#8217;engage pour tous les \u00eatres de ce monde. En ce sens, Fluid Spirit prend \u00e9galement la d\u00e9fense de tous les animaux souffrants de cette terre. Fluid Spirit r\u00e9alise des \u00e9tudes et des analyses, que nous mettons volontiers \u00e0 la disposition du public. \u00c9tude &#8220;Sensibilisation au traitement des animaux et au [&hellip;]\" \/>\r\n<meta property=\"og:url\" content=\"https:\/\/www.fluid-spirit.ch\/fr\/etudes-et-analyses\/\" \/>\r\n<meta property=\"og:site_name\" content=\"Fluid Spirit | In der Wirklichkeit zu Hause\" \/>\r\n<meta property=\"article:modified_time\" content=\"2025-01-18T13:08:25+00:00\" \/>\r\n<meta name=\"twitter:card\" content=\"summary_large_image\" \/>\r\n<meta name=\"twitter:label1\" content=\"Dur\u00e9e de lecture estim\u00e9e\" \/>\n\t<meta name=\"twitter:data1\" content=\"2 minutes\" \/>\r\n<script type=\"application\/ld+json\" class=\"yoast-schema-graph\">{\"@context\":\"https:\/\/schema.org\",\"@graph\":[{\"@type\":\"WebPage\",\"@id\":\"https:\/\/www.fluid-spirit.ch\/fr\/etudes-et-analyses\/\",\"url\":\"https:\/\/www.fluid-spirit.ch\/fr\/etudes-et-analyses\/\",\"name\":\"\u00c9tudes et analyses | Fluid Spirit | In der Wirklichkeit zu Hause\",\"isPartOf\":{\"@id\":\"https:\/\/www.fluid-spirit.ch\/#website\"},\"datePublished\":\"2021-01-22T13:59:29+00:00\",\"dateModified\":\"2025-01-18T13:08:25+00:00\",\"breadcrumb\":{\"@id\":\"https:\/\/www.fluid-spirit.ch\/fr\/etudes-et-analyses\/#breadcrumb\"},\"inLanguage\":\"fr-FR\",\"potentialAction\":[{\"@type\":\"ReadAction\",\"target\":[\"https:\/\/www.fluid-spirit.ch\/fr\/etudes-et-analyses\/\"]}]},{\"@type\":\"BreadcrumbList\",\"@id\":\"https:\/\/www.fluid-spirit.ch\/fr\/etudes-et-analyses\/#breadcrumb\",\"itemListElement\":[{\"@type\":\"ListItem\",\"position\":1,\"name\":\"Startseite\",\"item\":\"https:\/\/www.fluid-spirit.ch\/fr\/\"},{\"@type\":\"ListItem\",\"position\":2,\"name\":\"\u00c9tudes et analyses\"}]},{\"@type\":\"WebSite\",\"@id\":\"https:\/\/www.fluid-spirit.ch\/#website\",\"url\":\"https:\/\/www.fluid-spirit.ch\/\",\"name\":\"Fluid Spirit | In der Wirklichkeit zu Hause\",\"description\":\"Ganzheitliche und spirituelle Entwicklung\",\"publisher\":{\"@id\":\"https:\/\/www.fluid-spirit.ch\/#organization\"},\"potentialAction\":[{\"@type\":\"SearchAction\",\"target\":{\"@type\":\"EntryPoint\",\"urlTemplate\":\"https:\/\/www.fluid-spirit.ch\/?s={search_term_string}\"},\"query-input\":{\"@type\":\"PropertyValueSpecification\",\"valueRequired\":true,\"valueName\":\"search_term_string\"}}],\"inLanguage\":\"fr-FR\"},{\"@type\":\"Organization\",\"@id\":\"https:\/\/www.fluid-spirit.ch\/#organization\",\"name\":\"Fluid Spirit | In der Wirklichkeit zu Hause\",\"url\":\"https:\/\/www.fluid-spirit.ch\/\",\"logo\":{\"@type\":\"ImageObject\",\"inLanguage\":\"fr-FR\",\"@id\":\"https:\/\/www.fluid-spirit.ch\/#\/schema\/logo\/image\/\",\"url\":\"https:\/\/www.fluid-spirit.ch\/wp-content\/uploads\/2020\/09\/kunstkarte_herz_schlafzimmer_neu.jpg\",\"contentUrl\":\"https:\/\/www.fluid-spirit.ch\/wp-content\/uploads\/2020\/09\/kunstkarte_herz_schlafzimmer_neu.jpg\",\"width\":1920,\"height\":1522,\"caption\":\"Fluid Spirit | In der Wirklichkeit zu Hause\"},\"image\":{\"@id\":\"https:\/\/www.fluid-spirit.ch\/#\/schema\/logo\/image\/\"},\"sameAs\":[\"https:\/\/www.youtube.com\/channel\/UCLp9T8eTxYZytG7s5RhKwnQ\"]}]}<\/script>\r\n<!-- \/ Yoast SEO plugin. -->","yoast_head_json":{"title":"\u00c9tudes et analyses | Fluid Spirit | In der Wirklichkeit zu Hause","robots":{"index":"index","follow":"follow","max-snippet":"max-snippet:-1","max-image-preview":"max-image-preview:large","max-video-preview":"max-video-preview:-1"},"canonical":"https:\/\/www.fluid-spirit.ch\/fr\/etudes-et-analyses\/","og_locale":"fr_FR","og_type":"article","og_title":"\u00c9tudes et analyses | Fluid Spirit | In der Wirklichkeit zu Hause","og_description":"\u00c9tudes et analyses Fluid Spirit s&#8217;engage pour tous les \u00eatres de ce monde. En ce sens, Fluid Spirit prend \u00e9galement la d\u00e9fense de tous les animaux souffrants de cette terre. Fluid Spirit r\u00e9alise des \u00e9tudes et des analyses, que nous mettons volontiers \u00e0 la disposition du public. \u00c9tude &#8220;Sensibilisation au traitement des animaux et au [&hellip;]","og_url":"https:\/\/www.fluid-spirit.ch\/fr\/etudes-et-analyses\/","og_site_name":"Fluid Spirit | In der Wirklichkeit zu Hause","article_modified_time":"2025-01-18T13:08:25+00:00","twitter_card":"summary_large_image","twitter_misc":{"Dur\u00e9e de lecture estim\u00e9e":"2 minutes"},"schema":{"@context":"https:\/\/schema.org","@graph":[{"@type":"WebPage","@id":"https:\/\/www.fluid-spirit.ch\/fr\/etudes-et-analyses\/","url":"https:\/\/www.fluid-spirit.ch\/fr\/etudes-et-analyses\/","name":"\u00c9tudes et analyses | Fluid Spirit | In der Wirklichkeit zu Hause","isPartOf":{"@id":"https:\/\/www.fluid-spirit.ch\/#website"},"datePublished":"2021-01-22T13:59:29+00:00","dateModified":"2025-01-18T13:08:25+00:00","breadcrumb":{"@id":"https:\/\/www.fluid-spirit.ch\/fr\/etudes-et-analyses\/#breadcrumb"},"inLanguage":"fr-FR","potentialAction":[{"@type":"ReadAction","target":["https:\/\/www.fluid-spirit.ch\/fr\/etudes-et-analyses\/"]}]},{"@type":"BreadcrumbList","@id":"https:\/\/www.fluid-spirit.ch\/fr\/etudes-et-analyses\/#breadcrumb","itemListElement":[{"@type":"ListItem","position":1,"name":"Startseite","item":"https:\/\/www.fluid-spirit.ch\/fr\/"},{"@type":"ListItem","position":2,"name":"\u00c9tudes et analyses"}]},{"@type":"WebSite","@id":"https:\/\/www.fluid-spirit.ch\/#website","url":"https:\/\/www.fluid-spirit.ch\/","name":"Fluid Spirit | In der Wirklichkeit zu Hause","description":"Ganzheitliche und spirituelle Entwicklung","publisher":{"@id":"https:\/\/www.fluid-spirit.ch\/#organization"},"potentialAction":[{"@type":"SearchAction","target":{"@type":"EntryPoint","urlTemplate":"https:\/\/www.fluid-spirit.ch\/?s={search_term_string}"},"query-input":{"@type":"PropertyValueSpecification","valueRequired":true,"valueName":"search_term_string"}}],"inLanguage":"fr-FR"},{"@type":"Organization","@id":"https:\/\/www.fluid-spirit.ch\/#organization","name":"Fluid Spirit | In der Wirklichkeit zu Hause","url":"https:\/\/www.fluid-spirit.ch\/","logo":{"@type":"ImageObject","inLanguage":"fr-FR","@id":"https:\/\/www.fluid-spirit.ch\/#\/schema\/logo\/image\/","url":"https:\/\/www.fluid-spirit.ch\/wp-content\/uploads\/2020\/09\/kunstkarte_herz_schlafzimmer_neu.jpg","contentUrl":"https:\/\/www.fluid-spirit.ch\/wp-content\/uploads\/2020\/09\/kunstkarte_herz_schlafzimmer_neu.jpg","width":1920,"height":1522,"caption":"Fluid Spirit | In der Wirklichkeit zu Hause"},"image":{"@id":"https:\/\/www.fluid-spirit.ch\/#\/schema\/logo\/image\/"},"sameAs":["https:\/\/www.youtube.com\/channel\/UCLp9T8eTxYZytG7s5RhKwnQ"]}]}},"uagb_featured_image_src":{"full":false,"thumbnail":false,"medium":false,"medium_large":false,"large":false,"1536x1536":false,"2048x2048":false},"uagb_author_info":{"display_name":"Ivo M\u00fcller","author_link":"https:\/\/www.fluid-spirit.ch\/fr\/author\/admin\/"},"uagb_comment_info":0,"uagb_excerpt":"\u00c9tudes et analyses Fluid Spirit s&#8217;engage pour tous les \u00eatres de ce monde. En ce sens, Fluid Spirit prend \u00e9galement la d\u00e9fense de tous les animaux souffrants de cette terre. Fluid Spirit r\u00e9alise des \u00e9tudes et des analyses, que nous mettons volontiers \u00e0 la disposition du public. \u00c9tude &#8220;Sensibilisation au traitement des animaux et au\u2026","_links":{"self":[{"href":"https:\/\/www.fluid-spirit.ch\/fr\/wp-json\/wp\/v2\/pages\/145260","targetHints":{"allow":["GET"]}}],"collection":[{"href":"https:\/\/www.fluid-spirit.ch\/fr\/wp-json\/wp\/v2\/pages"}],"about":[{"href":"https:\/\/www.fluid-spirit.ch\/fr\/wp-json\/wp\/v2\/types\/page"}],"author":[{"embeddable":true,"href":"https:\/\/www.fluid-spirit.ch\/fr\/wp-json\/wp\/v2\/users\/1"}],"replies":[{"embeddable":true,"href":"https:\/\/www.fluid-spirit.ch\/fr\/wp-json\/wp\/v2\/comments?post=145260"}],"version-history":[{"count":8,"href":"https:\/\/www.fluid-spirit.ch\/fr\/wp-json\/wp\/v2\/pages\/145260\/revisions"}],"predecessor-version":[{"id":147421,"href":"https:\/\/www.fluid-spirit.ch\/fr\/wp-json\/wp\/v2\/pages\/145260\/revisions\/147421"}],"wp:attachment":[{"href":"https:\/\/www.fluid-spirit.ch\/fr\/wp-json\/wp\/v2\/media?parent=145260"}],"curies":[{"name":"wp","href":"https:\/\/api.w.org\/{rel}","templated":true}]}}