{"id":145909,"date":"2021-09-27T21:54:04","date_gmt":"2021-09-27T20:54:04","guid":{"rendered":"https:\/\/www.fluid-spirit.ch\/?page_id=145909"},"modified":"2021-09-27T22:02:58","modified_gmt":"2021-09-27T21:02:58","slug":"dons","status":"publish","type":"page","link":"https:\/\/www.fluid-spirit.ch\/fr\/dons\/","title":{"rendered":"Dons"},"content":{"rendered":"\n<p>Afin que nous puissions nous engager activement pour les Int\u00e9r\u00eat de Fluid Spirit, nous avons toujours \u00e9t\u00e9 en mesure de mettre en place des ressources financi\u00e8res gr\u00e2ce aux dons des membres. Il s\u2019agit par exemple de:&#13;\n<\/p>\n\n<p>&#8211; Spots publicitaires pour le v\u00e9ganisme \u00e0 la t\u00e9l\u00e9vision (spot &#8220;<a href=\"https:\/\/www.fluid-spirit.ch\/fr\/fluid-spirit-publicite-pour-le-veganisme\/\">Petit veau solitaire<\/a>&#8221; et spot &#8220;<a href=\"https:\/\/www.fluid-spirit.ch\/fr\/fluid-spirit-publicite-pour-le-vegetalisme\/\">Pension pour les vaches et les bovins&#8221;<\/a>)<\/p>\n\n<p>&#8211; Affiches publicitaires pour le v\u00e9g\u00e9talisme<\/p>\n\n<p>&#8211;\u00a0 Flyer actions dans les grandes villes pour le v\u00e9ganisme (Flyer \u00ab<a href=\"https:\/\/www.fluid-spirit.ch\/fr\/distribution-de-depliants-pour-sensibiliser-a-limmense-souffrance-des-animaux-a-zoug-et-a-zurich-le-14-mars-2020\/\">Point bleu contre la souffrance animale<\/a>\u00bb et \u00ab<a href=\"https:\/\/www.fluid-spirit.ch\/fr\/est-ce-que-vous-avez-vu-ce-bebe\/\">Avez-vous vu ce b\u00e9b\u00e9<\/a>?\u00bb)<\/p>\n\n<p>&#8211; <a href=\"https:\/\/www.fluid-spirit.ch\/fr\/le-patriarcat-les-vaches-et-les-femmes\/\">Flyer action dans les grandes villes pour la dissolution du patriarcat et pour l\u2019\u00e9galit\u00e9 des femmes<\/a><\/p>\n\n<p>&#8211; P\u00e9titions et collectes de signatures <a href=\"https:\/\/www.fluid-spirit.ch\/fr\/remise-de-la-petition-du-4-novembre-2019-contre-lusine-animaux-chueweid-de-draelikon-huenenberg-au-mairesse-de-huenenberg-madame-renate-huwyler-et-a-monsieur-thomas-anderegg\/\">contre la cr\u00e9ation d\u2019usines animales<\/a>, <a href=\"https:\/\/www.fluid-spirit.ch\/fr\/nous-souhaitons-un-monde-sans-pornographie-et-sans-prostitution\/\">la pornographie et la prostitution<\/a><\/p>\n\n<p>et beaucoup plus.<\/p>\n\n<p>Pour continuer \u00e0 sensibiliser le public et \u00e0 mettre en \u0153uvre de nombreux projets couronn\u00e9s de succ\u00e8s, nous continuerons \u00e0 avoir besoin de dons. Nous nous r\u00e9jouissons de votre soutien \u00e0 Fluid Spirit:<\/p>\n\n<p>Verein Fluid Spirit, 6331 H\u00fcnenberg, Zuger Kantonalbank, 6301 Zug, Kto. 80-192-9,&#13;\nIBAN CH22 0078 7007 7171<\/p>\n\n<p>Merci beaucoup!<\/p>\n","protected":false},"excerpt":{"rendered":"<p>Afin que nous puissions nous engager activement pour les Int\u00e9r\u00eat de Fluid Spirit, nous avons toujours \u00e9t\u00e9 en mesure de mettre en place des ressources financi\u00e8res gr\u00e2ce aux dons des membres. Il s\u2019agit par exemple de:&#13; &#8211; Spots publicitaires pour le v\u00e9ganisme \u00e0 la t\u00e9l\u00e9vision (spot &#8220;Petit veau solitaire&#8221; et spot &#8220;Pension pour les vaches [&hellip;]<\/p>\n","protected":false},"author":3,"featured_media":0,"parent":0,"menu_order":7,"comment_status":"closed","ping_status":"closed","template":"","meta":{"_coblocks_attr":"","_coblocks_dimensions":"","_coblocks_responsive_height":"","_coblocks_accordion_ie_support":"","_uag_custom_page_level_css":"","site-sidebar-layout":"no-sidebar","site-content-layout":"default","ast-site-content-layout":"default","site-content-style":"default","site-sidebar-style":"default","ast-global-header-display":"","ast-banner-title-visibility":"","ast-main-header-display":"","ast-hfb-above-header-display":"","ast-hfb-below-header-display":"","ast-hfb-mobile-header-display":"","site-post-title":"disabled","ast-breadcrumbs-content":"","ast-featured-img":"disabled","footer-sml-layout":"","theme-transparent-header-meta":"default","adv-header-id-meta":"","stick-header-meta":"default","header-above-stick-meta":"","header-main-stick-meta":"","header-below-stick-meta":"","astra-migrate-meta-layouts":"default","ast-page-background-enabled":"default","ast-page-background-meta":{"desktop":{"background-color":"","background-image":"","background-repeat":"repeat","background-position":"center center","background-size":"auto","background-attachment":"scroll","background-type":"","background-media":"","overlay-type":"","overlay-color":"","overlay-opacity":"","overlay-gradient":""},"tablet":{"background-color":"","background-image":"","background-repeat":"repeat","background-position":"center center","background-size":"auto","background-attachment":"scroll","background-type":"","background-media":"","overlay-type":"","overlay-color":"","overlay-opacity":"","overlay-gradient":""},"mobile":{"background-color":"","background-image":"","background-repeat":"repeat","background-position":"center center","background-size":"auto","background-attachment":"scroll","background-type":"","background-media":"","overlay-type":"","overlay-color":"","overlay-opacity":"","overlay-gradient":""}},"ast-content-background-meta":{"desktop":{"background-color":"var(--ast-global-color-5)","background-image":"","background-repeat":"repeat","background-position":"center center","background-size":"auto","background-attachment":"scroll","background-type":"","background-media":"","overlay-type":"","overlay-color":"","overlay-opacity":"","overlay-gradient":""},"tablet":{"background-color":"var(--ast-global-color-5)","background-image":"","background-repeat":"repeat","background-position":"center center","background-size":"auto","background-attachment":"scroll","background-type":"","background-media":"","overlay-type":"","overlay-color":"","overlay-opacity":"","overlay-gradient":""},"mobile":{"background-color":"var(--ast-global-color-5)","background-image":"","background-repeat":"repeat","background-position":"center center","background-size":"auto","background-attachment":"scroll","background-type":"","background-media":"","overlay-type":"","overlay-color":"","overlay-opacity":"","overlay-gradient":""}},"footnotes":""},"class_list":["post-145909","page","type-page","status-publish","hentry"],"yoast_head":"<!-- This site is optimized with the Yoast SEO plugin v26.4 - https:\/\/yoast.com\/wordpress\/plugins\/seo\/ -->\r\n<title>Dons | Fluid Spirit | In der Wirklichkeit zu Hause<\/title>\r\n<meta name=\"robots\" content=\"index, follow, max-snippet:-1, max-image-preview:large, max-video-preview:-1\" \/>\r\n<link rel=\"canonical\" href=\"https:\/\/www.fluid-spirit.ch\/fr\/dons\/\" \/>\r\n<meta property=\"og:locale\" content=\"fr_FR\" \/>\r\n<meta property=\"og:type\" content=\"article\" \/>\r\n<meta property=\"og:title\" content=\"Dons | Fluid Spirit | In der Wirklichkeit zu Hause\" \/>\r\n<meta property=\"og:description\" content=\"Afin que nous puissions nous engager activement pour les Int\u00e9r\u00eat de Fluid Spirit, nous avons toujours \u00e9t\u00e9 en mesure de mettre en place des ressources financi\u00e8res gr\u00e2ce aux dons des membres. Il s\u2019agit par exemple de:&#013; &#8211; Spots publicitaires pour le v\u00e9ganisme \u00e0 la t\u00e9l\u00e9vision (spot &#8220;Petit veau solitaire&#8221; et spot &#8220;Pension pour les vaches [&hellip;]\" \/>\r\n<meta property=\"og:url\" content=\"https:\/\/www.fluid-spirit.ch\/fr\/dons\/\" \/>\r\n<meta property=\"og:site_name\" content=\"Fluid Spirit | In der Wirklichkeit zu Hause\" \/>\r\n<meta property=\"article:modified_time\" content=\"2021-09-27T21:02:58+00:00\" \/>\r\n<meta name=\"twitter:card\" content=\"summary_large_image\" \/>\r\n<meta name=\"twitter:label1\" content=\"Dur\u00e9e de lecture estim\u00e9e\" \/>\n\t<meta name=\"twitter:data1\" content=\"1 minute\" \/>\r\n<script type=\"application\/ld+json\" class=\"yoast-schema-graph\">{\"@context\":\"https:\/\/schema.org\",\"@graph\":[{\"@type\":\"WebPage\",\"@id\":\"https:\/\/www.fluid-spirit.ch\/fr\/dons\/\",\"url\":\"https:\/\/www.fluid-spirit.ch\/fr\/dons\/\",\"name\":\"Dons | Fluid Spirit | In der Wirklichkeit zu Hause\",\"isPartOf\":{\"@id\":\"https:\/\/www.fluid-spirit.ch\/#website\"},\"datePublished\":\"2021-09-27T20:54:04+00:00\",\"dateModified\":\"2021-09-27T21:02:58+00:00\",\"breadcrumb\":{\"@id\":\"https:\/\/www.fluid-spirit.ch\/fr\/dons\/#breadcrumb\"},\"inLanguage\":\"fr-FR\",\"potentialAction\":[{\"@type\":\"ReadAction\",\"target\":[\"https:\/\/www.fluid-spirit.ch\/fr\/dons\/\"]}]},{\"@type\":\"BreadcrumbList\",\"@id\":\"https:\/\/www.fluid-spirit.ch\/fr\/dons\/#breadcrumb\",\"itemListElement\":[{\"@type\":\"ListItem\",\"position\":1,\"name\":\"Startseite\",\"item\":\"https:\/\/www.fluid-spirit.ch\/fr\/\"},{\"@type\":\"ListItem\",\"position\":2,\"name\":\"Dons\"}]},{\"@type\":\"WebSite\",\"@id\":\"https:\/\/www.fluid-spirit.ch\/#website\",\"url\":\"https:\/\/www.fluid-spirit.ch\/\",\"name\":\"Fluid Spirit | In der Wirklichkeit zu Hause\",\"description\":\"Ganzheitliche und spirituelle Entwicklung\",\"publisher\":{\"@id\":\"https:\/\/www.fluid-spirit.ch\/#organization\"},\"potentialAction\":[{\"@type\":\"SearchAction\",\"target\":{\"@type\":\"EntryPoint\",\"urlTemplate\":\"https:\/\/www.fluid-spirit.ch\/?s={search_term_string}\"},\"query-input\":{\"@type\":\"PropertyValueSpecification\",\"valueRequired\":true,\"valueName\":\"search_term_string\"}}],\"inLanguage\":\"fr-FR\"},{\"@type\":\"Organization\",\"@id\":\"https:\/\/www.fluid-spirit.ch\/#organization\",\"name\":\"Fluid Spirit | In der Wirklichkeit zu Hause\",\"url\":\"https:\/\/www.fluid-spirit.ch\/\",\"logo\":{\"@type\":\"ImageObject\",\"inLanguage\":\"fr-FR\",\"@id\":\"https:\/\/www.fluid-spirit.ch\/#\/schema\/logo\/image\/\",\"url\":\"https:\/\/www.fluid-spirit.ch\/wp-content\/uploads\/2020\/09\/kunstkarte_herz_schlafzimmer_neu.jpg\",\"contentUrl\":\"https:\/\/www.fluid-spirit.ch\/wp-content\/uploads\/2020\/09\/kunstkarte_herz_schlafzimmer_neu.jpg\",\"width\":1920,\"height\":1522,\"caption\":\"Fluid Spirit | In der Wirklichkeit zu Hause\"},\"image\":{\"@id\":\"https:\/\/www.fluid-spirit.ch\/#\/schema\/logo\/image\/\"},\"sameAs\":[\"https:\/\/www.youtube.com\/channel\/UCLp9T8eTxYZytG7s5RhKwnQ\"]}]}<\/script>\r\n<!-- \/ Yoast SEO plugin. -->","yoast_head_json":{"title":"Dons | Fluid Spirit | In der Wirklichkeit zu Hause","robots":{"index":"index","follow":"follow","max-snippet":"max-snippet:-1","max-image-preview":"max-image-preview:large","max-video-preview":"max-video-preview:-1"},"canonical":"https:\/\/www.fluid-spirit.ch\/fr\/dons\/","og_locale":"fr_FR","og_type":"article","og_title":"Dons | Fluid Spirit | In der Wirklichkeit zu Hause","og_description":"Afin que nous puissions nous engager activement pour les Int\u00e9r\u00eat de Fluid Spirit, nous avons toujours \u00e9t\u00e9 en mesure de mettre en place des ressources financi\u00e8res gr\u00e2ce aux dons des membres. Il s\u2019agit par exemple de:&#13; &#8211; Spots publicitaires pour le v\u00e9ganisme \u00e0 la t\u00e9l\u00e9vision (spot &#8220;Petit veau solitaire&#8221; et spot &#8220;Pension pour les vaches [&hellip;]","og_url":"https:\/\/www.fluid-spirit.ch\/fr\/dons\/","og_site_name":"Fluid Spirit | In der Wirklichkeit zu Hause","article_modified_time":"2021-09-27T21:02:58+00:00","twitter_card":"summary_large_image","twitter_misc":{"Dur\u00e9e de lecture estim\u00e9e":"1 minute"},"schema":{"@context":"https:\/\/schema.org","@graph":[{"@type":"WebPage","@id":"https:\/\/www.fluid-spirit.ch\/fr\/dons\/","url":"https:\/\/www.fluid-spirit.ch\/fr\/dons\/","name":"Dons | Fluid Spirit | In der Wirklichkeit zu Hause","isPartOf":{"@id":"https:\/\/www.fluid-spirit.ch\/#website"},"datePublished":"2021-09-27T20:54:04+00:00","dateModified":"2021-09-27T21:02:58+00:00","breadcrumb":{"@id":"https:\/\/www.fluid-spirit.ch\/fr\/dons\/#breadcrumb"},"inLanguage":"fr-FR","potentialAction":[{"@type":"ReadAction","target":["https:\/\/www.fluid-spirit.ch\/fr\/dons\/"]}]},{"@type":"BreadcrumbList","@id":"https:\/\/www.fluid-spirit.ch\/fr\/dons\/#breadcrumb","itemListElement":[{"@type":"ListItem","position":1,"name":"Startseite","item":"https:\/\/www.fluid-spirit.ch\/fr\/"},{"@type":"ListItem","position":2,"name":"Dons"}]},{"@type":"WebSite","@id":"https:\/\/www.fluid-spirit.ch\/#website","url":"https:\/\/www.fluid-spirit.ch\/","name":"Fluid Spirit | In der Wirklichkeit zu Hause","description":"Ganzheitliche und spirituelle Entwicklung","publisher":{"@id":"https:\/\/www.fluid-spirit.ch\/#organization"},"potentialAction":[{"@type":"SearchAction","target":{"@type":"EntryPoint","urlTemplate":"https:\/\/www.fluid-spirit.ch\/?s={search_term_string}"},"query-input":{"@type":"PropertyValueSpecification","valueRequired":true,"valueName":"search_term_string"}}],"inLanguage":"fr-FR"},{"@type":"Organization","@id":"https:\/\/www.fluid-spirit.ch\/#organization","name":"Fluid Spirit | In der Wirklichkeit zu Hause","url":"https:\/\/www.fluid-spirit.ch\/","logo":{"@type":"ImageObject","inLanguage":"fr-FR","@id":"https:\/\/www.fluid-spirit.ch\/#\/schema\/logo\/image\/","url":"https:\/\/www.fluid-spirit.ch\/wp-content\/uploads\/2020\/09\/kunstkarte_herz_schlafzimmer_neu.jpg","contentUrl":"https:\/\/www.fluid-spirit.ch\/wp-content\/uploads\/2020\/09\/kunstkarte_herz_schlafzimmer_neu.jpg","width":1920,"height":1522,"caption":"Fluid Spirit | In der Wirklichkeit zu Hause"},"image":{"@id":"https:\/\/www.fluid-spirit.ch\/#\/schema\/logo\/image\/"},"sameAs":["https:\/\/www.youtube.com\/channel\/UCLp9T8eTxYZytG7s5RhKwnQ"]}]}},"uagb_featured_image_src":{"full":false,"thumbnail":false,"medium":false,"medium_large":false,"large":false,"1536x1536":false,"2048x2048":false},"uagb_author_info":{"display_name":"Isabella T. Kn\u00f6r","author_link":"https:\/\/www.fluid-spirit.ch\/fr\/author\/isabellaknoer\/"},"uagb_comment_info":0,"uagb_excerpt":"Afin que nous puissions nous engager activement pour les Int\u00e9r\u00eat de Fluid Spirit, nous avons toujours \u00e9t\u00e9 en mesure de mettre en place des ressources financi\u00e8res gr\u00e2ce aux dons des membres. Il s\u2019agit par exemple de:&#13; &#8211; Spots publicitaires pour le v\u00e9ganisme \u00e0 la t\u00e9l\u00e9vision (spot &#8220;Petit veau solitaire&#8221; et spot &#8220;Pension pour les vaches\u2026","_links":{"self":[{"href":"https:\/\/www.fluid-spirit.ch\/fr\/wp-json\/wp\/v2\/pages\/145909","targetHints":{"allow":["GET"]}}],"collection":[{"href":"https:\/\/www.fluid-spirit.ch\/fr\/wp-json\/wp\/v2\/pages"}],"about":[{"href":"https:\/\/www.fluid-spirit.ch\/fr\/wp-json\/wp\/v2\/types\/page"}],"author":[{"embeddable":true,"href":"https:\/\/www.fluid-spirit.ch\/fr\/wp-json\/wp\/v2\/users\/3"}],"replies":[{"embeddable":true,"href":"https:\/\/www.fluid-spirit.ch\/fr\/wp-json\/wp\/v2\/comments?post=145909"}],"version-history":[{"count":9,"href":"https:\/\/www.fluid-spirit.ch\/fr\/wp-json\/wp\/v2\/pages\/145909\/revisions"}],"predecessor-version":[{"id":145926,"href":"https:\/\/www.fluid-spirit.ch\/fr\/wp-json\/wp\/v2\/pages\/145909\/revisions\/145926"}],"wp:attachment":[{"href":"https:\/\/www.fluid-spirit.ch\/fr\/wp-json\/wp\/v2\/media?parent=145909"}],"curies":[{"name":"wp","href":"https:\/\/api.w.org\/{rel}","templated":true}]}}