{"id":146475,"date":"2023-08-18T16:17:18","date_gmt":"2023-08-18T15:17:18","guid":{"rendered":"https:\/\/www.fluid-spirit.ch\/?page_id=146475"},"modified":"2023-08-18T16:22:00","modified_gmt":"2023-08-18T15:22:00","slug":"cours-de-cuisine-vegetalienne-gratuit-pour-les-10-ans-de-fluid-spirit","status":"publish","type":"page","link":"https:\/\/www.fluid-spirit.ch\/fr\/cours-de-cuisine-vegetalienne-gratuit-pour-les-10-ans-de-fluid-spirit\/","title":{"rendered":"Cours de cuisine v\u00e9gane gratuit pour les 10 ans de Fluid Spirit"},"content":{"rendered":"\n<div class=\"wp-block-uagb-advanced-heading uagb-block-2b17d40a\"><h2 class=\"uagb-heading-text\">Cours de cuisine v\u00e9gane gratuit pour les 10 ans de Fluid Spirit<\/h2><p class=\"uagb-desc-text\">Hier, le cours de cuisine v\u00e9gan gratuit avec m\u00e9ditation d&#8217;entr\u00e9e \u00e9tait le 10e anniversaire de Fluid Spirit. C&#8217;\u00e9tait une occasion joyeuse avec des gens heureux. Je remercie chaleureusement tous ceux qui ont contribu\u00e9 \u00e0 ce grand \u00e9v\u00e9nement unique. Hier, nous avons r\u00e9alis\u00e9 deux cours de cuisine avec quatre groupes de cuisiniers, avec plus de 80 personnes, contribuant ainsi \u00e0 la propagation du v\u00e9ganisme. J&#8217;ai \u00e9galement \u00e9t\u00e9 ravie que des familles enti\u00e8res soient venues, que de nombreux jeunes soient venus et qu&#8217;une jeune participante heureuse ait f\u00eat\u00e9 son anniversaire avec ses amies \u00e0 notre cours de cuisine. Tant de gens heureux et reconnaissants qui, \u00e0 leur tour, nous ont rendus heureux parce que nous avons pu les rendre heureux avec notre cadeau pour les 10 ans de Fluid Spirit.<\/p><\/div>\n\n\n\n<div class=\"wp-block-columns is-layout-flex wp-container-core-columns-is-layout-28f84493 wp-block-columns-is-layout-flex\">\n<div class=\"wp-block-column is-layout-flow wp-block-column-is-layout-flow\">\n<figure class=\"wp-block-gallery has-nested-images columns-default is-cropped wp-block-gallery-1 is-layout-flex wp-block-gallery-is-layout-flex\">\n<figure class=\"wp-block-image size-large\"><img loading=\"lazy\" decoding=\"async\" width=\"1024\" height=\"570\" data-id=\"146438\" src=\"https:\/\/www.fluid-spirit.ch\/wp-content\/uploads\/2022\/09\/Kuchen-1.jpeg\" alt=\"\" class=\"wp-image-146438\" srcset=\"https:\/\/www.fluid-spirit.ch\/wp-content\/uploads\/2022\/09\/Kuchen-1.jpeg 1024w, https:\/\/www.fluid-spirit.ch\/wp-content\/uploads\/2022\/09\/Kuchen-1-300x167.jpeg 300w, https:\/\/www.fluid-spirit.ch\/wp-content\/uploads\/2022\/09\/Kuchen-1-768x428.jpeg 768w\" sizes=\"auto, (max-width: 1024px) 100vw, 1024px\" \/><\/figure>\n\n\n\n<figure class=\"wp-block-image size-large is-style-default\"><img loading=\"lazy\" decoding=\"async\" width=\"768\" height=\"1024\" data-id=\"146435\" src=\"https:\/\/www.fluid-spirit.ch\/wp-content\/uploads\/2022\/09\/Kochgruppe-Isabella_verpixelt_2-1.jpg\" alt=\"\" class=\"wp-image-146435\" srcset=\"https:\/\/www.fluid-spirit.ch\/wp-content\/uploads\/2022\/09\/Kochgruppe-Isabella_verpixelt_2-1.jpg 768w, https:\/\/www.fluid-spirit.ch\/wp-content\/uploads\/2022\/09\/Kochgruppe-Isabella_verpixelt_2-1-225x300.jpg 225w\" sizes=\"auto, (max-width: 768px) 100vw, 768px\" \/><\/figure>\n\n\n\n<figure class=\"wp-block-image size-large\"><img loading=\"lazy\" decoding=\"async\" width=\"1024\" height=\"768\" data-id=\"146441\" src=\"https:\/\/www.fluid-spirit.ch\/wp-content\/uploads\/2022\/09\/Geburtstag-2_verpixelt_2.jpg\" alt=\"\" class=\"wp-image-146441\" srcset=\"https:\/\/www.fluid-spirit.ch\/wp-content\/uploads\/2022\/09\/Geburtstag-2_verpixelt_2.jpg 1024w, https:\/\/www.fluid-spirit.ch\/wp-content\/uploads\/2022\/09\/Geburtstag-2_verpixelt_2-300x225.jpg 300w, https:\/\/www.fluid-spirit.ch\/wp-content\/uploads\/2022\/09\/Geburtstag-2_verpixelt_2-768x576.jpg 768w\" sizes=\"auto, (max-width: 1024px) 100vw, 1024px\" \/><\/figure>\n<\/figure>\n<\/div>\n<\/div>\n\n\n\n<div style=\"height:27px\" aria-hidden=\"true\" class=\"wp-block-spacer\"><\/div>\n\n\n\n<figure class=\"wp-block-video\"><video controls src=\"https:\/\/www.fluid-spirit.ch\/wp-content\/uploads\/2022\/09\/Anrichten-Teller-mit-Aufstrich.mp4\"><\/video><\/figure>\n\n\n\n<figure class=\"wp-block-video\"><video controls src=\"https:\/\/www.fluid-spirit.ch\/wp-content\/uploads\/2022\/09\/Anrichten-gefu\u0308llte-Randen.mp4\"><\/video><\/figure>\n\n\n\n<figure class=\"wp-block-video\"><video controls src=\"https:\/\/www.fluid-spirit.ch\/wp-content\/uploads\/2022\/09\/Film-Zelt-sitzend-verpixelt_1-HD-720p.mov\"><\/video><\/figure>\n","protected":false},"excerpt":{"rendered":"<p>Cours de cuisine v\u00e9gane gratuit pour les 10 ans de Fluid Spirit Hier, le cours de cuisine v\u00e9gan gratuit avec m\u00e9ditation d&#8217;entr\u00e9e \u00e9tait le 10e anniversaire de Fluid Spirit. C&#8217;\u00e9tait une occasion joyeuse avec des gens heureux. Je remercie chaleureusement tous ceux qui ont contribu\u00e9 \u00e0 ce grand \u00e9v\u00e9nement unique. Hier, nous avons r\u00e9alis\u00e9 deux [&hellip;]<\/p>\n","protected":false},"author":3,"featured_media":0,"parent":0,"menu_order":1,"comment_status":"closed","ping_status":"closed","template":"","meta":{"_coblocks_attr":"","_coblocks_dimensions":"","_coblocks_responsive_height":"","_coblocks_accordion_ie_support":"","_uag_custom_page_level_css":"","site-sidebar-layout":"no-sidebar","site-content-layout":"default","ast-site-content-layout":"default","site-content-style":"default","site-sidebar-style":"default","ast-global-header-display":"","ast-banner-title-visibility":"","ast-main-header-display":"","ast-hfb-above-header-display":"","ast-hfb-below-header-display":"","ast-hfb-mobile-header-display":"","site-post-title":"disabled","ast-breadcrumbs-content":"","ast-featured-img":"disabled","footer-sml-layout":"","theme-transparent-header-meta":"default","adv-header-id-meta":"","stick-header-meta":"default","header-above-stick-meta":"","header-main-stick-meta":"","header-below-stick-meta":"","astra-migrate-meta-layouts":"default","ast-page-background-enabled":"default","ast-page-background-meta":{"desktop":{"background-color":"","background-image":"","background-repeat":"repeat","background-position":"center center","background-size":"auto","background-attachment":"scroll","background-type":"","background-media":"","overlay-type":"","overlay-color":"","overlay-opacity":"","overlay-gradient":""},"tablet":{"background-color":"","background-image":"","background-repeat":"repeat","background-position":"center center","background-size":"auto","background-attachment":"scroll","background-type":"","background-media":"","overlay-type":"","overlay-color":"","overlay-opacity":"","overlay-gradient":""},"mobile":{"background-color":"","background-image":"","background-repeat":"repeat","background-position":"center center","background-size":"auto","background-attachment":"scroll","background-type":"","background-media":"","overlay-type":"","overlay-color":"","overlay-opacity":"","overlay-gradient":""}},"ast-content-background-meta":{"desktop":{"background-color":"var(--ast-global-color-5)","background-image":"","background-repeat":"repeat","background-position":"center center","background-size":"auto","background-attachment":"scroll","background-type":"","background-media":"","overlay-type":"","overlay-color":"","overlay-opacity":"","overlay-gradient":""},"tablet":{"background-color":"var(--ast-global-color-5)","background-image":"","background-repeat":"repeat","background-position":"center center","background-size":"auto","background-attachment":"scroll","background-type":"","background-media":"","overlay-type":"","overlay-color":"","overlay-opacity":"","overlay-gradient":""},"mobile":{"background-color":"var(--ast-global-color-5)","background-image":"","background-repeat":"repeat","background-position":"center center","background-size":"auto","background-attachment":"scroll","background-type":"","background-media":"","overlay-type":"","overlay-color":"","overlay-opacity":"","overlay-gradient":""}},"footnotes":""},"class_list":["post-146475","page","type-page","status-publish","hentry"],"yoast_head":"<!-- This site is optimized with the Yoast SEO plugin v26.4 - https:\/\/yoast.com\/wordpress\/plugins\/seo\/ -->\r\n<title>Cours de cuisine v\u00e9gane gratuit pour les 10 ans de Fluid Spirit | Fluid Spirit | In der Wirklichkeit zu Hause<\/title>\r\n<meta name=\"robots\" content=\"index, follow, max-snippet:-1, max-image-preview:large, max-video-preview:-1\" \/>\r\n<link rel=\"canonical\" href=\"https:\/\/www.fluid-spirit.ch\/gratis-veganer-kochkurs-zum-10-jaehrigen-jubilaeum-von-fluid-spirit\/\" \/>\r\n<meta property=\"og:locale\" content=\"fr_FR\" \/>\r\n<meta property=\"og:type\" content=\"article\" \/>\r\n<meta property=\"og:title\" content=\"Cours de cuisine v\u00e9gane gratuit pour les 10 ans de Fluid Spirit | Fluid Spirit | In der Wirklichkeit zu Hause\" \/>\r\n<meta property=\"og:description\" content=\"Cours de cuisine v\u00e9gane gratuit pour les 10 ans de Fluid Spirit Hier, le cours de cuisine v\u00e9gan gratuit avec m\u00e9ditation d&#8217;entr\u00e9e \u00e9tait le 10e anniversaire de Fluid Spirit. C&#8217;\u00e9tait une occasion joyeuse avec des gens heureux. Je remercie chaleureusement tous ceux qui ont contribu\u00e9 \u00e0 ce grand \u00e9v\u00e9nement unique. Hier, nous avons r\u00e9alis\u00e9 deux [&hellip;]\" \/>\r\n<meta property=\"og:url\" content=\"https:\/\/www.fluid-spirit.ch\/gratis-veganer-kochkurs-zum-10-jaehrigen-jubilaeum-von-fluid-spirit\/\" \/>\r\n<meta property=\"og:site_name\" content=\"Fluid Spirit | In der Wirklichkeit zu Hause\" \/>\r\n<meta property=\"article:modified_time\" content=\"2023-08-18T15:22:00+00:00\" \/>\r\n<meta property=\"og:image\" content=\"https:\/\/www.fluid-spirit.ch\/wp-content\/uploads\/2022\/09\/Kuchen-1.jpeg\" \/>\r\n<meta name=\"twitter:card\" content=\"summary_large_image\" \/>\r\n<meta name=\"twitter:label1\" content=\"Dur\u00e9e de lecture estim\u00e9e\" \/>\n\t<meta name=\"twitter:data1\" content=\"1 minute\" \/>\r\n<script type=\"application\/ld+json\" class=\"yoast-schema-graph\">{\"@context\":\"https:\/\/schema.org\",\"@graph\":[{\"@type\":\"WebPage\",\"@id\":\"https:\/\/www.fluid-spirit.ch\/gratis-veganer-kochkurs-zum-10-jaehrigen-jubilaeum-von-fluid-spirit\/\",\"url\":\"https:\/\/www.fluid-spirit.ch\/gratis-veganer-kochkurs-zum-10-jaehrigen-jubilaeum-von-fluid-spirit\/\",\"name\":\"Cours de cuisine v\u00e9gane gratuit pour les 10 ans de Fluid Spirit | Fluid Spirit | In der Wirklichkeit zu Hause\",\"isPartOf\":{\"@id\":\"https:\/\/www.fluid-spirit.ch\/#website\"},\"primaryImageOfPage\":{\"@id\":\"https:\/\/www.fluid-spirit.ch\/gratis-veganer-kochkurs-zum-10-jaehrigen-jubilaeum-von-fluid-spirit\/#primaryimage\"},\"image\":{\"@id\":\"https:\/\/www.fluid-spirit.ch\/gratis-veganer-kochkurs-zum-10-jaehrigen-jubilaeum-von-fluid-spirit\/#primaryimage\"},\"thumbnailUrl\":\"https:\/\/www.fluid-spirit.ch\/wp-content\/uploads\/2022\/09\/Kuchen-1.jpeg\",\"datePublished\":\"2023-08-18T15:17:18+00:00\",\"dateModified\":\"2023-08-18T15:22:00+00:00\",\"breadcrumb\":{\"@id\":\"https:\/\/www.fluid-spirit.ch\/gratis-veganer-kochkurs-zum-10-jaehrigen-jubilaeum-von-fluid-spirit\/#breadcrumb\"},\"inLanguage\":\"fr-FR\",\"potentialAction\":[{\"@type\":\"ReadAction\",\"target\":[\"https:\/\/www.fluid-spirit.ch\/gratis-veganer-kochkurs-zum-10-jaehrigen-jubilaeum-von-fluid-spirit\/\"]}]},{\"@type\":\"ImageObject\",\"inLanguage\":\"fr-FR\",\"@id\":\"https:\/\/www.fluid-spirit.ch\/gratis-veganer-kochkurs-zum-10-jaehrigen-jubilaeum-von-fluid-spirit\/#primaryimage\",\"url\":\"https:\/\/www.fluid-spirit.ch\/wp-content\/uploads\/2022\/09\/Kuchen-1.jpeg\",\"contentUrl\":\"https:\/\/www.fluid-spirit.ch\/wp-content\/uploads\/2022\/09\/Kuchen-1.jpeg\"},{\"@type\":\"BreadcrumbList\",\"@id\":\"https:\/\/www.fluid-spirit.ch\/gratis-veganer-kochkurs-zum-10-jaehrigen-jubilaeum-von-fluid-spirit\/#breadcrumb\",\"itemListElement\":[{\"@type\":\"ListItem\",\"position\":1,\"name\":\"Startseite\",\"item\":\"https:\/\/www.fluid-spirit.ch\/fr\/\"},{\"@type\":\"ListItem\",\"position\":2,\"name\":\"Cours de cuisine v\u00e9gane gratuit pour les 10 ans de Fluid Spirit\"}]},{\"@type\":\"WebSite\",\"@id\":\"https:\/\/www.fluid-spirit.ch\/#website\",\"url\":\"https:\/\/www.fluid-spirit.ch\/\",\"name\":\"Fluid Spirit | In der Wirklichkeit zu Hause\",\"description\":\"Ganzheitliche und spirituelle Entwicklung\",\"publisher\":{\"@id\":\"https:\/\/www.fluid-spirit.ch\/#organization\"},\"potentialAction\":[{\"@type\":\"SearchAction\",\"target\":{\"@type\":\"EntryPoint\",\"urlTemplate\":\"https:\/\/www.fluid-spirit.ch\/?s={search_term_string}\"},\"query-input\":{\"@type\":\"PropertyValueSpecification\",\"valueRequired\":true,\"valueName\":\"search_term_string\"}}],\"inLanguage\":\"fr-FR\"},{\"@type\":\"Organization\",\"@id\":\"https:\/\/www.fluid-spirit.ch\/#organization\",\"name\":\"Fluid Spirit | In der Wirklichkeit zu Hause\",\"url\":\"https:\/\/www.fluid-spirit.ch\/\",\"logo\":{\"@type\":\"ImageObject\",\"inLanguage\":\"fr-FR\",\"@id\":\"https:\/\/www.fluid-spirit.ch\/#\/schema\/logo\/image\/\",\"url\":\"https:\/\/www.fluid-spirit.ch\/wp-content\/uploads\/2020\/09\/kunstkarte_herz_schlafzimmer_neu.jpg\",\"contentUrl\":\"https:\/\/www.fluid-spirit.ch\/wp-content\/uploads\/2020\/09\/kunstkarte_herz_schlafzimmer_neu.jpg\",\"width\":1920,\"height\":1522,\"caption\":\"Fluid Spirit | In der Wirklichkeit zu Hause\"},\"image\":{\"@id\":\"https:\/\/www.fluid-spirit.ch\/#\/schema\/logo\/image\/\"},\"sameAs\":[\"https:\/\/www.youtube.com\/channel\/UCLp9T8eTxYZytG7s5RhKwnQ\"]}]}<\/script>\r\n<!-- \/ Yoast SEO plugin. -->","yoast_head_json":{"title":"Cours de cuisine v\u00e9gane gratuit pour les 10 ans de Fluid Spirit | Fluid Spirit | In der Wirklichkeit zu Hause","robots":{"index":"index","follow":"follow","max-snippet":"max-snippet:-1","max-image-preview":"max-image-preview:large","max-video-preview":"max-video-preview:-1"},"canonical":"https:\/\/www.fluid-spirit.ch\/gratis-veganer-kochkurs-zum-10-jaehrigen-jubilaeum-von-fluid-spirit\/","og_locale":"fr_FR","og_type":"article","og_title":"Cours de cuisine v\u00e9gane gratuit pour les 10 ans de Fluid Spirit | Fluid Spirit | In der Wirklichkeit zu Hause","og_description":"Cours de cuisine v\u00e9gane gratuit pour les 10 ans de Fluid Spirit Hier, le cours de cuisine v\u00e9gan gratuit avec m\u00e9ditation d&#8217;entr\u00e9e \u00e9tait le 10e anniversaire de Fluid Spirit. C&#8217;\u00e9tait une occasion joyeuse avec des gens heureux. Je remercie chaleureusement tous ceux qui ont contribu\u00e9 \u00e0 ce grand \u00e9v\u00e9nement unique. Hier, nous avons r\u00e9alis\u00e9 deux [&hellip;]","og_url":"https:\/\/www.fluid-spirit.ch\/gratis-veganer-kochkurs-zum-10-jaehrigen-jubilaeum-von-fluid-spirit\/","og_site_name":"Fluid Spirit | In der Wirklichkeit zu Hause","article_modified_time":"2023-08-18T15:22:00+00:00","og_image":[{"url":"https:\/\/www.fluid-spirit.ch\/wp-content\/uploads\/2022\/09\/Kuchen-1.jpeg","type":"","width":"","height":""}],"twitter_card":"summary_large_image","twitter_misc":{"Dur\u00e9e de lecture estim\u00e9e":"1 minute"},"schema":{"@context":"https:\/\/schema.org","@graph":[{"@type":"WebPage","@id":"https:\/\/www.fluid-spirit.ch\/gratis-veganer-kochkurs-zum-10-jaehrigen-jubilaeum-von-fluid-spirit\/","url":"https:\/\/www.fluid-spirit.ch\/gratis-veganer-kochkurs-zum-10-jaehrigen-jubilaeum-von-fluid-spirit\/","name":"Cours de cuisine v\u00e9gane gratuit pour les 10 ans de Fluid Spirit | Fluid Spirit | In der Wirklichkeit zu Hause","isPartOf":{"@id":"https:\/\/www.fluid-spirit.ch\/#website"},"primaryImageOfPage":{"@id":"https:\/\/www.fluid-spirit.ch\/gratis-veganer-kochkurs-zum-10-jaehrigen-jubilaeum-von-fluid-spirit\/#primaryimage"},"image":{"@id":"https:\/\/www.fluid-spirit.ch\/gratis-veganer-kochkurs-zum-10-jaehrigen-jubilaeum-von-fluid-spirit\/#primaryimage"},"thumbnailUrl":"https:\/\/www.fluid-spirit.ch\/wp-content\/uploads\/2022\/09\/Kuchen-1.jpeg","datePublished":"2023-08-18T15:17:18+00:00","dateModified":"2023-08-18T15:22:00+00:00","breadcrumb":{"@id":"https:\/\/www.fluid-spirit.ch\/gratis-veganer-kochkurs-zum-10-jaehrigen-jubilaeum-von-fluid-spirit\/#breadcrumb"},"inLanguage":"fr-FR","potentialAction":[{"@type":"ReadAction","target":["https:\/\/www.fluid-spirit.ch\/gratis-veganer-kochkurs-zum-10-jaehrigen-jubilaeum-von-fluid-spirit\/"]}]},{"@type":"ImageObject","inLanguage":"fr-FR","@id":"https:\/\/www.fluid-spirit.ch\/gratis-veganer-kochkurs-zum-10-jaehrigen-jubilaeum-von-fluid-spirit\/#primaryimage","url":"https:\/\/www.fluid-spirit.ch\/wp-content\/uploads\/2022\/09\/Kuchen-1.jpeg","contentUrl":"https:\/\/www.fluid-spirit.ch\/wp-content\/uploads\/2022\/09\/Kuchen-1.jpeg"},{"@type":"BreadcrumbList","@id":"https:\/\/www.fluid-spirit.ch\/gratis-veganer-kochkurs-zum-10-jaehrigen-jubilaeum-von-fluid-spirit\/#breadcrumb","itemListElement":[{"@type":"ListItem","position":1,"name":"Startseite","item":"https:\/\/www.fluid-spirit.ch\/fr\/"},{"@type":"ListItem","position":2,"name":"Cours de cuisine v\u00e9gane gratuit pour les 10 ans de Fluid Spirit"}]},{"@type":"WebSite","@id":"https:\/\/www.fluid-spirit.ch\/#website","url":"https:\/\/www.fluid-spirit.ch\/","name":"Fluid Spirit | In der Wirklichkeit zu Hause","description":"Ganzheitliche und spirituelle Entwicklung","publisher":{"@id":"https:\/\/www.fluid-spirit.ch\/#organization"},"potentialAction":[{"@type":"SearchAction","target":{"@type":"EntryPoint","urlTemplate":"https:\/\/www.fluid-spirit.ch\/?s={search_term_string}"},"query-input":{"@type":"PropertyValueSpecification","valueRequired":true,"valueName":"search_term_string"}}],"inLanguage":"fr-FR"},{"@type":"Organization","@id":"https:\/\/www.fluid-spirit.ch\/#organization","name":"Fluid Spirit | In der Wirklichkeit zu Hause","url":"https:\/\/www.fluid-spirit.ch\/","logo":{"@type":"ImageObject","inLanguage":"fr-FR","@id":"https:\/\/www.fluid-spirit.ch\/#\/schema\/logo\/image\/","url":"https:\/\/www.fluid-spirit.ch\/wp-content\/uploads\/2020\/09\/kunstkarte_herz_schlafzimmer_neu.jpg","contentUrl":"https:\/\/www.fluid-spirit.ch\/wp-content\/uploads\/2020\/09\/kunstkarte_herz_schlafzimmer_neu.jpg","width":1920,"height":1522,"caption":"Fluid Spirit | In der Wirklichkeit zu Hause"},"image":{"@id":"https:\/\/www.fluid-spirit.ch\/#\/schema\/logo\/image\/"},"sameAs":["https:\/\/www.youtube.com\/channel\/UCLp9T8eTxYZytG7s5RhKwnQ"]}]}},"uagb_featured_image_src":{"full":false,"thumbnail":false,"medium":false,"medium_large":false,"large":false,"1536x1536":false,"2048x2048":false},"uagb_author_info":{"display_name":"Isabella T. Kn\u00f6r","author_link":"https:\/\/www.fluid-spirit.ch\/fr\/author\/isabellaknoer\/"},"uagb_comment_info":0,"uagb_excerpt":"Cours de cuisine v\u00e9gane gratuit pour les 10 ans de Fluid Spirit Hier, le cours de cuisine v\u00e9gan gratuit avec m\u00e9ditation d&#8217;entr\u00e9e \u00e9tait le 10e anniversaire de Fluid Spirit. C&#8217;\u00e9tait une occasion joyeuse avec des gens heureux. Je remercie chaleureusement tous ceux qui ont contribu\u00e9 \u00e0 ce grand \u00e9v\u00e9nement unique. Hier, nous avons r\u00e9alis\u00e9 deux\u2026","_links":{"self":[{"href":"https:\/\/www.fluid-spirit.ch\/fr\/wp-json\/wp\/v2\/pages\/146475","targetHints":{"allow":["GET"]}}],"collection":[{"href":"https:\/\/www.fluid-spirit.ch\/fr\/wp-json\/wp\/v2\/pages"}],"about":[{"href":"https:\/\/www.fluid-spirit.ch\/fr\/wp-json\/wp\/v2\/types\/page"}],"author":[{"embeddable":true,"href":"https:\/\/www.fluid-spirit.ch\/fr\/wp-json\/wp\/v2\/users\/3"}],"replies":[{"embeddable":true,"href":"https:\/\/www.fluid-spirit.ch\/fr\/wp-json\/wp\/v2\/comments?post=146475"}],"version-history":[{"count":5,"href":"https:\/\/www.fluid-spirit.ch\/fr\/wp-json\/wp\/v2\/pages\/146475\/revisions"}],"predecessor-version":[{"id":146727,"href":"https:\/\/www.fluid-spirit.ch\/fr\/wp-json\/wp\/v2\/pages\/146475\/revisions\/146727"}],"wp:attachment":[{"href":"https:\/\/www.fluid-spirit.ch\/fr\/wp-json\/wp\/v2\/media?parent=146475"}],"curies":[{"name":"wp","href":"https:\/\/api.w.org\/{rel}","templated":true}]}}